{"id":725,"date":"2019-12-28T18:29:47","date_gmt":"2019-12-28T17:29:47","guid":{"rendered":"https:\/\/p-art.design\/?post_type=product&#038;p=725"},"modified":"2024-06-26T19:50:01","modified_gmt":"2024-06-26T17:50:01","slug":"recy-doza-zlata-2","status":"publish","type":"product","link":"https:\/\/p-art.design\/?product=recy-doza-zlata-2","title":{"rendered":"RECY DOZA &#8211; zlat\u00e1"},"content":{"rendered":"<div id=\"product-detail-descr\" class=\"zbozi_body\">\n<div>\n<div>\n<div>\n<p>D\u00f3za je recyklovan\u00e1 plechovka.<\/p>\n<p>D\u00f3za se d\u00e1 pou\u017e\u00edt na tu\u017eky, pastelky, \u0161t\u011btce, popisova\u010de, pera, propisky,lepidla, n\u016f\u017eky a r\u016fzn\u00e9 dal\u0161\u00ed drobnosti na stole, poli\u010dce nebo ve sk\u0159\u00ed\u0148ce.<\/p>\n<p>D\u00f3za je omot\u00e1na jutov\u00fdm prov\u00e1zkem ( je na dozu p\u0159ilepen lepidlem) a n\u00e1sledn\u011b zlatou lesklou nit\u00ed. Horn\u00ed okraj je zakon\u010den stuhou.<\/p>\n<p>Pr\u016fm\u011br plechovky je 7,5 cm a v\u00fd\u0161ka 10,7 cm.<\/p>\n<\/div>\n<\/div>\n<\/div>\n<\/div>\n","protected":false},"excerpt":{"rendered":"<p><strong>Recy plechovka.<\/strong><\/p>\n","protected":false},"featured_media":726,"comment_status":"open","ping_status":"closed","template":"","meta":{"_exactmetrics_skip_tracking":false,"_exactmetrics_sitenote_active":false,"_exactmetrics_sitenote_note":"","_exactmetrics_sitenote_category":0},"product_brand":[],"product_cat":[26],"product_tag":[],"class_list":{"0":"post-725","1":"product","2":"type-product","3":"status-publish","4":"has-post-thumbnail","6":"product_cat-recy-veci","8":"first","9":"instock","10":"taxable","11":"shipping-taxable","12":"purchasable","13":"product-type-simple"},"acf":[],"jetpack_sharing_enabled":true,"_links":{"self":[{"href":"https:\/\/p-art.design\/index.php?rest_route=\/wp\/v2\/product\/725","targetHints":{"allow":["GET"]}}],"collection":[{"href":"https:\/\/p-art.design\/index.php?rest_route=\/wp\/v2\/product"}],"about":[{"href":"https:\/\/p-art.design\/index.php?rest_route=\/wp\/v2\/types\/product"}],"replies":[{"embeddable":true,"href":"https:\/\/p-art.design\/index.php?rest_route=%2Fwp%2Fv2%2Fcomments&post=725"}],"wp:featuredmedia":[{"embeddable":true,"href":"https:\/\/p-art.design\/index.php?rest_route=\/wp\/v2\/media\/726"}],"wp:attachment":[{"href":"https:\/\/p-art.design\/index.php?rest_route=%2Fwp%2Fv2%2Fmedia&parent=725"}],"wp:term":[{"taxonomy":"product_brand","embeddable":true,"href":"https:\/\/p-art.design\/index.php?rest_route=%2Fwp%2Fv2%2Fproduct_brand&post=725"},{"taxonomy":"product_cat","embeddable":true,"href":"https:\/\/p-art.design\/index.php?rest_route=%2Fwp%2Fv2%2Fproduct_cat&post=725"},{"taxonomy":"product_tag","embeddable":true,"href":"https:\/\/p-art.design\/index.php?rest_route=%2Fwp%2Fv2%2Fproduct_tag&post=725"}],"curies":[{"name":"wp","href":"https:\/\/api.w.org\/{rel}","templated":true}]}}