{"id":715,"date":"2019-12-28T18:22:16","date_gmt":"2019-12-28T17:22:16","guid":{"rendered":"https:\/\/p-art.design\/?post_type=product&#038;p=715"},"modified":"2024-06-26T19:57:19","modified_gmt":"2024-06-26T17:57:19","slug":"recy-doza-cerna-stribrne-trpytky","status":"publish","type":"product","link":"https:\/\/p-art.design\/?product=recy-doza-cerna-stribrne-trpytky","title":{"rendered":"RECY DOZA &#8211; \u010dern\u00e1 + st\u0159\u00edbrn\u00e9 t\u0159pytky"},"content":{"rendered":"<div id=\"product-detail-descr\" class=\"zbozi_body\">\n<div>\n<p>D\u00f3za je recyklovan\u00e1 plechovka.<\/p>\n<p>D\u00f3za se d\u00e1 pou\u017e\u00edt na tu\u017eky, pastelky, \u0161t\u011btce, popisova\u010de, pera, propisky,lepidla, n\u016f\u017eky a r\u016fzn\u00e9 dal\u0161\u00ed drobnosti na stole, poli\u010dce nebo ve sk\u0159\u00ed\u0148ce nejedn\u00e9 sle\u010dny, kter\u00e1 m\u00e1 r\u00e1da modern\u00ed glamour styl.<\/p>\n<p>D\u00f3za je nat\u0159ena 3x na \u010derno a \u010dtvrt\u00e1 vrstva je s p\u0159\u00edm\u011bs\u00ed st\u0159\u00edbrn\u00fdch t\u0159pytek.<\/p>\n<p>Pr\u016fm\u011br plechovky je 5.5 cm a v\u00fd\u0161ka 7.5 cm.<\/p>\n<p>Cena je za 1 ks.<\/p>\n<\/div>\n<\/div>\n","protected":false},"excerpt":{"rendered":"<p><strong>Recy plechovka.<\/strong><\/p>\n","protected":false},"featured_media":716,"comment_status":"open","ping_status":"closed","template":"","meta":{"_exactmetrics_skip_tracking":false,"_exactmetrics_sitenote_active":false,"_exactmetrics_sitenote_note":"","_exactmetrics_sitenote_category":0},"product_brand":[],"product_cat":[26],"product_tag":[],"class_list":{"0":"post-715","1":"product","2":"type-product","3":"status-publish","4":"has-post-thumbnail","6":"product_cat-recy-veci","8":"first","9":"instock","10":"sold-individually","11":"taxable","12":"shipping-taxable","13":"purchasable","14":"product-type-simple"},"acf":[],"jetpack_sharing_enabled":true,"_links":{"self":[{"href":"https:\/\/p-art.design\/index.php?rest_route=\/wp\/v2\/product\/715","targetHints":{"allow":["GET"]}}],"collection":[{"href":"https:\/\/p-art.design\/index.php?rest_route=\/wp\/v2\/product"}],"about":[{"href":"https:\/\/p-art.design\/index.php?rest_route=\/wp\/v2\/types\/product"}],"replies":[{"embeddable":true,"href":"https:\/\/p-art.design\/index.php?rest_route=%2Fwp%2Fv2%2Fcomments&post=715"}],"wp:featuredmedia":[{"embeddable":true,"href":"https:\/\/p-art.design\/index.php?rest_route=\/wp\/v2\/media\/716"}],"wp:attachment":[{"href":"https:\/\/p-art.design\/index.php?rest_route=%2Fwp%2Fv2%2Fmedia&parent=715"}],"wp:term":[{"taxonomy":"product_brand","embeddable":true,"href":"https:\/\/p-art.design\/index.php?rest_route=%2Fwp%2Fv2%2Fproduct_brand&post=715"},{"taxonomy":"product_cat","embeddable":true,"href":"https:\/\/p-art.design\/index.php?rest_route=%2Fwp%2Fv2%2Fproduct_cat&post=715"},{"taxonomy":"product_tag","embeddable":true,"href":"https:\/\/p-art.design\/index.php?rest_route=%2Fwp%2Fv2%2Fproduct_tag&post=715"}],"curies":[{"name":"wp","href":"https:\/\/api.w.org\/{rel}","templated":true}]}}