{"id":684,"date":"2019-12-28T17:10:56","date_gmt":"2019-12-28T16:10:56","guid":{"rendered":"https:\/\/p-art.design\/?post_type=product&#038;p=684"},"modified":"2024-06-26T19:54:40","modified_gmt":"2024-06-26T17:54:40","slug":"recy-doza-svicen-cerna-fialove-trpytky","status":"publish","type":"product","link":"https:\/\/p-art.design\/?product=recy-doza-svicen-cerna-fialove-trpytky","title":{"rendered":"RECY D\u00d3ZA &#8211; sv\u00edcen &#8211; \u010dern\u00e1 + fialov\u00e9 t\u0159pytky"},"content":{"rendered":"<div id=\"product-detail-descr\" class=\"zbozi_body\">\n<div>\n<p>Sv\u00edcen je mal\u00e1 recyklovan\u00e1 plechovka.<\/p>\n<p>Sv\u00edcen je nat\u0159en 3x na \u010derno a \u010dtvrt\u00e1 vrstva je s p\u0159\u00edm\u011bs\u00ed fialov\u00fdch t\u0159pytek. Je v n\u011bm 1 levandulov\u00e1 sv\u00ed\u010dka a je nat\u0159en i zevnit\u0159.<\/p>\n<p>\u0160\u00ed\u0159ka plechovky je 5 cm a v\u00fd\u0161ka 4 cm.<\/p>\n<\/div>\n<\/div>\n","protected":false},"excerpt":{"rendered":"<p><strong>Recy plechovka.<\/strong><\/p>\n","protected":false},"featured_media":685,"comment_status":"open","ping_status":"closed","template":"","meta":{"_exactmetrics_skip_tracking":false,"_exactmetrics_sitenote_active":false,"_exactmetrics_sitenote_note":"","_exactmetrics_sitenote_category":0},"product_brand":[],"product_cat":[26],"product_tag":[],"class_list":{"0":"post-684","1":"product","2":"type-product","3":"status-publish","4":"has-post-thumbnail","6":"product_cat-recy-veci","8":"first","9":"instock","10":"taxable","11":"shipping-taxable","12":"purchasable","13":"product-type-simple"},"acf":[],"jetpack_sharing_enabled":true,"_links":{"self":[{"href":"https:\/\/p-art.design\/index.php?rest_route=\/wp\/v2\/product\/684","targetHints":{"allow":["GET"]}}],"collection":[{"href":"https:\/\/p-art.design\/index.php?rest_route=\/wp\/v2\/product"}],"about":[{"href":"https:\/\/p-art.design\/index.php?rest_route=\/wp\/v2\/types\/product"}],"replies":[{"embeddable":true,"href":"https:\/\/p-art.design\/index.php?rest_route=%2Fwp%2Fv2%2Fcomments&post=684"}],"wp:featuredmedia":[{"embeddable":true,"href":"https:\/\/p-art.design\/index.php?rest_route=\/wp\/v2\/media\/685"}],"wp:attachment":[{"href":"https:\/\/p-art.design\/index.php?rest_route=%2Fwp%2Fv2%2Fmedia&parent=684"}],"wp:term":[{"taxonomy":"product_brand","embeddable":true,"href":"https:\/\/p-art.design\/index.php?rest_route=%2Fwp%2Fv2%2Fproduct_brand&post=684"},{"taxonomy":"product_cat","embeddable":true,"href":"https:\/\/p-art.design\/index.php?rest_route=%2Fwp%2Fv2%2Fproduct_cat&post=684"},{"taxonomy":"product_tag","embeddable":true,"href":"https:\/\/p-art.design\/index.php?rest_route=%2Fwp%2Fv2%2Fproduct_tag&post=684"}],"curies":[{"name":"wp","href":"https:\/\/api.w.org\/{rel}","templated":true}]}}