{"id":680,"date":"2019-12-28T17:08:58","date_gmt":"2019-12-28T16:08:58","guid":{"rendered":"https:\/\/p-art.design\/?post_type=product&#038;p=680"},"modified":"2024-06-26T19:57:19","modified_gmt":"2024-06-26T17:57:19","slug":"recy-doza-kvetinac","status":"publish","type":"product","link":"https:\/\/p-art.design\/?product=recy-doza-kvetinac","title":{"rendered":"RECY D\u00d3ZA &#8211; kv\u011btin\u00e1\u010d"},"content":{"rendered":"<p>Kv\u011btin\u00e1\u010d je recyklovan\u00e1 plechovka.<\/p>\n<p>Je nat\u0159ena na \u010derno o rozm\u011brech: v\u00fd\u0161ka 12 cm a pr\u016fm\u011br 10 cm.<\/p>\n","protected":false},"excerpt":{"rendered":"<p><strong>Recy plechovka.<\/strong><\/p>\n","protected":false},"featured_media":681,"comment_status":"open","ping_status":"closed","template":"","meta":{"_exactmetrics_skip_tracking":false,"_exactmetrics_sitenote_active":false,"_exactmetrics_sitenote_note":"","_exactmetrics_sitenote_category":0},"product_brand":[],"product_cat":[26],"product_tag":[],"class_list":{"0":"post-680","1":"product","2":"type-product","3":"status-publish","4":"has-post-thumbnail","6":"product_cat-recy-veci","8":"first","9":"instock","10":"taxable","11":"shipping-taxable","12":"purchasable","13":"product-type-simple"},"acf":[],"jetpack_sharing_enabled":true,"_links":{"self":[{"href":"https:\/\/p-art.design\/index.php?rest_route=\/wp\/v2\/product\/680","targetHints":{"allow":["GET"]}}],"collection":[{"href":"https:\/\/p-art.design\/index.php?rest_route=\/wp\/v2\/product"}],"about":[{"href":"https:\/\/p-art.design\/index.php?rest_route=\/wp\/v2\/types\/product"}],"replies":[{"embeddable":true,"href":"https:\/\/p-art.design\/index.php?rest_route=%2Fwp%2Fv2%2Fcomments&post=680"}],"wp:featuredmedia":[{"embeddable":true,"href":"https:\/\/p-art.design\/index.php?rest_route=\/wp\/v2\/media\/681"}],"wp:attachment":[{"href":"https:\/\/p-art.design\/index.php?rest_route=%2Fwp%2Fv2%2Fmedia&parent=680"}],"wp:term":[{"taxonomy":"product_brand","embeddable":true,"href":"https:\/\/p-art.design\/index.php?rest_route=%2Fwp%2Fv2%2Fproduct_brand&post=680"},{"taxonomy":"product_cat","embeddable":true,"href":"https:\/\/p-art.design\/index.php?rest_route=%2Fwp%2Fv2%2Fproduct_cat&post=680"},{"taxonomy":"product_tag","embeddable":true,"href":"https:\/\/p-art.design\/index.php?rest_route=%2Fwp%2Fv2%2Fproduct_tag&post=680"}],"curies":[{"name":"wp","href":"https:\/\/api.w.org\/{rel}","templated":true}]}}