{"id":631,"date":"2019-12-28T16:27:05","date_gmt":"2019-12-28T15:27:05","guid":{"rendered":"https:\/\/p-art.design\/?post_type=product&#038;p=631"},"modified":"2021-05-30T21:34:56","modified_gmt":"2021-05-30T19:34:56","slug":"tabulka-mala","status":"publish","type":"product","link":"https:\/\/p-art.design\/?product=tabulka-mala","title":{"rendered":"TABULKA &#8211; mal\u00e1"},"content":{"rendered":"<p>Tabulka je nat\u0159ena \u010dernou tabulovou barvou a lad\u00ed dohromady s recy plechovkami s r\u016f\u017eovou stu\u017ekou a r\u016f\u017ei\u010dkou.<\/p>\n<p>Tabulka je o rozm\u011brech: \u0161\u00ed\u0159ka 24cm x v\u00fd\u0161ka 18cm. Prod\u00e1v\u00e1 se i s p\u0159ilo\u017eenou k\u0159\u00eddou.<\/p>\n","protected":false},"excerpt":{"rendered":"<p><strong>Tabulka s k\u0159\u00eddou.<\/strong><\/p>\n","protected":false},"featured_media":632,"comment_status":"open","ping_status":"closed","template":"","meta":{"_exactmetrics_skip_tracking":false,"_exactmetrics_sitenote_active":false,"_exactmetrics_sitenote_note":"","_exactmetrics_sitenote_category":0},"product_brand":[],"product_cat":[17],"product_tag":[],"class_list":{"0":"post-631","1":"product","2":"type-product","3":"status-publish","4":"has-post-thumbnail","6":"product_cat-nezarazene","8":"first","9":"instock","10":"taxable","11":"shipping-taxable","12":"purchasable","13":"product-type-simple"},"acf":[],"jetpack_sharing_enabled":true,"_links":{"self":[{"href":"https:\/\/p-art.design\/index.php?rest_route=\/wp\/v2\/product\/631","targetHints":{"allow":["GET"]}}],"collection":[{"href":"https:\/\/p-art.design\/index.php?rest_route=\/wp\/v2\/product"}],"about":[{"href":"https:\/\/p-art.design\/index.php?rest_route=\/wp\/v2\/types\/product"}],"replies":[{"embeddable":true,"href":"https:\/\/p-art.design\/index.php?rest_route=%2Fwp%2Fv2%2Fcomments&post=631"}],"wp:featuredmedia":[{"embeddable":true,"href":"https:\/\/p-art.design\/index.php?rest_route=\/wp\/v2\/media\/632"}],"wp:attachment":[{"href":"https:\/\/p-art.design\/index.php?rest_route=%2Fwp%2Fv2%2Fmedia&parent=631"}],"wp:term":[{"taxonomy":"product_brand","embeddable":true,"href":"https:\/\/p-art.design\/index.php?rest_route=%2Fwp%2Fv2%2Fproduct_brand&post=631"},{"taxonomy":"product_cat","embeddable":true,"href":"https:\/\/p-art.design\/index.php?rest_route=%2Fwp%2Fv2%2Fproduct_cat&post=631"},{"taxonomy":"product_tag","embeddable":true,"href":"https:\/\/p-art.design\/index.php?rest_route=%2Fwp%2Fv2%2Fproduct_tag&post=631"}],"curies":[{"name":"wp","href":"https:\/\/api.w.org\/{rel}","templated":true}]}}