{"id":614,"date":"2019-12-28T16:07:56","date_gmt":"2019-12-28T15:07:56","guid":{"rendered":"https:\/\/p-art.design\/?post_type=product&#038;p=614"},"modified":"2024-06-26T19:57:19","modified_gmt":"2024-06-26T17:57:19","slug":"obraz-kvetinac-a-obrazek-na-monogram","status":"publish","type":"product","link":"https:\/\/p-art.design\/?product=obraz-kvetinac-a-obrazek-na-monogram","title":{"rendered":"OBRAZ, KV\u011aTIN\u00c1\u010c A OBR\u00c1ZEK na monogram"},"content":{"rendered":"<p>Obraz &#8211; rozm\u011br 60 x 20 cm&#8230; lze pov\u011bsit na \u0161\u00ed\u0159ku i na v\u00fd\u0161ku<\/p>\n<p>D\u0159ev\u011bn\u00e9 kole\u010dko, pr\u016fm\u011br 10.5 cm &#8211; nap\u0159. na monogram, k zav\u011b\u0161en\u00ed na ze\u010f<\/p>\n<p>Kv\u011btin\u00e1\u010d &#8211; v\u00fd\u0161ka 9.5 cm<\/p>\n","protected":false},"excerpt":{"rendered":"<p><strong>Obraz, kv\u011btin\u00e1\u010d a obr\u00e1zek na monogram.<\/strong><\/p>\n","protected":false},"featured_media":615,"comment_status":"open","ping_status":"closed","template":"","meta":{"_exactmetrics_skip_tracking":false,"_exactmetrics_sitenote_active":false,"_exactmetrics_sitenote_note":"","_exactmetrics_sitenote_category":0},"product_brand":[],"product_cat":[24],"product_tag":[],"class_list":{"0":"post-614","1":"product","2":"type-product","3":"status-publish","4":"has-post-thumbnail","6":"product_cat-obrazy","8":"first","9":"instock","10":"taxable","11":"shipping-taxable","12":"purchasable","13":"product-type-simple"},"acf":[],"jetpack_sharing_enabled":true,"_links":{"self":[{"href":"https:\/\/p-art.design\/index.php?rest_route=\/wp\/v2\/product\/614","targetHints":{"allow":["GET"]}}],"collection":[{"href":"https:\/\/p-art.design\/index.php?rest_route=\/wp\/v2\/product"}],"about":[{"href":"https:\/\/p-art.design\/index.php?rest_route=\/wp\/v2\/types\/product"}],"replies":[{"embeddable":true,"href":"https:\/\/p-art.design\/index.php?rest_route=%2Fwp%2Fv2%2Fcomments&post=614"}],"wp:featuredmedia":[{"embeddable":true,"href":"https:\/\/p-art.design\/index.php?rest_route=\/wp\/v2\/media\/615"}],"wp:attachment":[{"href":"https:\/\/p-art.design\/index.php?rest_route=%2Fwp%2Fv2%2Fmedia&parent=614"}],"wp:term":[{"taxonomy":"product_brand","embeddable":true,"href":"https:\/\/p-art.design\/index.php?rest_route=%2Fwp%2Fv2%2Fproduct_brand&post=614"},{"taxonomy":"product_cat","embeddable":true,"href":"https:\/\/p-art.design\/index.php?rest_route=%2Fwp%2Fv2%2Fproduct_cat&post=614"},{"taxonomy":"product_tag","embeddable":true,"href":"https:\/\/p-art.design\/index.php?rest_route=%2Fwp%2Fv2%2Fproduct_tag&post=614"}],"curies":[{"name":"wp","href":"https:\/\/api.w.org\/{rel}","templated":true}]}}