{"id":612,"date":"2019-12-28T16:00:33","date_gmt":"2019-12-28T15:00:33","guid":{"rendered":"https:\/\/p-art.design\/?post_type=product&#038;p=612"},"modified":"2024-06-26T19:57:00","modified_gmt":"2024-06-26T17:57:00","slug":"stinidlo-obraz-lampicka-abstrakce","status":"publish","type":"product","link":"https:\/\/p-art.design\/?product=stinidlo-obraz-lampicka-abstrakce","title":{"rendered":"ST\u00cdNIDLO, OBRAZ, LAMPI\u010cKA &#8211; abstrakce"},"content":{"rendered":"<div id=\"product-detail-descr\" class=\"zbozi_body\">\n<p>Stropn\u00ed st\u00ednidlo &#8211; pr\u016fm\u011br 40 cm<\/p>\n<p>Obraz &#8211; rozm\u011br 60 x 20 cm&#8230; lze pov\u011bsit na \u0161\u00ed\u0159ku i na v\u00fd\u0161ku<\/p>\n<p>Lampi\u010dka &#8211; v\u00fd\u0161ka 20 cm &#8211; <strong>PROD\u00c1NA!!<\/strong><\/p>\n<p>Kv\u011btin\u00e1\u010d &#8211; v\u00fd\u0161ka 12 cm<\/p>\n<div id=\"product-detail-descr\" class=\"zbozi_body\">\n<p>&nbsp;<\/p>\n<p>&nbsp;<\/p>\n<\/div>\n<\/div>\n","protected":false},"excerpt":{"rendered":"<p><strong>St\u00ednidlo, obraz a kv\u011btin\u00e1\u010d &#8211; abstrakce.<\/strong><\/p>\n","protected":false},"featured_media":14992,"comment_status":"open","ping_status":"closed","template":"","meta":{"_exactmetrics_skip_tracking":false,"_exactmetrics_sitenote_active":false,"_exactmetrics_sitenote_note":"","_exactmetrics_sitenote_category":0},"product_brand":[],"product_cat":[22],"product_tag":[],"class_list":{"0":"post-612","1":"product","2":"type-product","3":"status-publish","4":"has-post-thumbnail","6":"product_cat-stinidla-a-obrazy-sety","8":"first","9":"instock","10":"taxable","11":"shipping-taxable","12":"purchasable","13":"product-type-simple"},"acf":[],"jetpack_sharing_enabled":true,"_links":{"self":[{"href":"https:\/\/p-art.design\/index.php?rest_route=\/wp\/v2\/product\/612","targetHints":{"allow":["GET"]}}],"collection":[{"href":"https:\/\/p-art.design\/index.php?rest_route=\/wp\/v2\/product"}],"about":[{"href":"https:\/\/p-art.design\/index.php?rest_route=\/wp\/v2\/types\/product"}],"replies":[{"embeddable":true,"href":"https:\/\/p-art.design\/index.php?rest_route=%2Fwp%2Fv2%2Fcomments&post=612"}],"wp:featuredmedia":[{"embeddable":true,"href":"https:\/\/p-art.design\/index.php?rest_route=\/wp\/v2\/media\/14992"}],"wp:attachment":[{"href":"https:\/\/p-art.design\/index.php?rest_route=%2Fwp%2Fv2%2Fmedia&parent=612"}],"wp:term":[{"taxonomy":"product_brand","embeddable":true,"href":"https:\/\/p-art.design\/index.php?rest_route=%2Fwp%2Fv2%2Fproduct_brand&post=612"},{"taxonomy":"product_cat","embeddable":true,"href":"https:\/\/p-art.design\/index.php?rest_route=%2Fwp%2Fv2%2Fproduct_cat&post=612"},{"taxonomy":"product_tag","embeddable":true,"href":"https:\/\/p-art.design\/index.php?rest_route=%2Fwp%2Fv2%2Fproduct_tag&post=612"}],"curies":[{"name":"wp","href":"https:\/\/api.w.org\/{rel}","templated":true}]}}