{"id":610,"date":"2019-12-28T15:53:11","date_gmt":"2019-12-28T14:53:11","guid":{"rendered":"https:\/\/p-art.design\/?post_type=product&#038;p=610"},"modified":"2024-04-03T21:41:28","modified_gmt":"2024-04-03T19:41:28","slug":"stinidlo-obraz-a-body-pro-miminko","status":"publish","type":"product","link":"https:\/\/p-art.design\/?product=stinidlo-obraz-a-body-pro-miminko","title":{"rendered":"ST\u00cdNIDLO, OBRAZ A BODY &#8211; pro miminko"},"content":{"rendered":"<p>St\u00ednidlo je o pr\u016fm\u011bru 40 cm a je b\u00edl\u00e9. Fotila jsem ve\u010der a proto je zbarven\u00e9 do \u017eluta. Sv\u011btlo sv\u00edtilo p\u0159\u00edmo nad st\u00ednidlem a vlastn\u011b to vypad\u00e1 moc hezky. M\u016f\u017eeme pou\u017e\u00edt jako stropn\u00ed st\u00ednidlo nebo jen tak voln\u011b zav\u011bsit do prostoru. M\u00e1me-li jich v\u00edce, je to kr\u00e1sn\u00e1 dekorace pro oslavu uv\u00edt\u00e1n\u00ed miminka mezi n\u00e1s.<\/p>\n<p>Obraz m\u00e1 rozm\u011br 60 x 20 cm a vedle obr\u00e1zku je m\u00edsto na jm\u00e9no, v\u00e1hu, v\u00fd\u0161ku a t\u0159eba i hodinu narozen\u00ed. Na fotu pod bod\u00fd\u010dkem. Pov\u011bs\u00edme nap\u0159. nad post\u00fdlku, p\u0159ebalovac\u00ed pult&#8230;<\/p>\n<p>Body je b\u00edl\u00e9 velikosti 62 s obr\u00e1zkem boti\u010dek lad\u00edc\u00ed s celou kolekc\u00ed.<\/p>\n<p>L\u00edb\u00ed-li se V\u00e1m \u010di hod\u00ed jen n\u011bjak\u00fd v\u00fdrobek \u010di \u010d\u00e1st kolekce pop\u0159.m\u00e1te i jin\u00e9 p\u0159\u00e1n\u00ed, napi\u0161te, ur\u010dit\u011b se domluv\u00edme.<\/p>\n","protected":false},"excerpt":{"rendered":"<p><strong>St\u00ednidlo, obraz a body pro miminko.<\/strong><\/p>\n","protected":false},"featured_media":611,"comment_status":"open","ping_status":"closed","template":"","meta":{"_exactmetrics_skip_tracking":false,"_exactmetrics_sitenote_active":false,"_exactmetrics_sitenote_note":"","_exactmetrics_sitenote_category":0},"product_brand":[],"product_cat":[22],"product_tag":[],"class_list":{"0":"post-610","1":"product","2":"type-product","3":"status-publish","4":"has-post-thumbnail","6":"product_cat-stinidla-a-obrazy-sety","8":"first","9":"instock","10":"taxable","11":"shipping-taxable","12":"purchasable","13":"product-type-simple"},"acf":[],"jetpack_sharing_enabled":true,"_links":{"self":[{"href":"https:\/\/p-art.design\/index.php?rest_route=\/wp\/v2\/product\/610","targetHints":{"allow":["GET"]}}],"collection":[{"href":"https:\/\/p-art.design\/index.php?rest_route=\/wp\/v2\/product"}],"about":[{"href":"https:\/\/p-art.design\/index.php?rest_route=\/wp\/v2\/types\/product"}],"replies":[{"embeddable":true,"href":"https:\/\/p-art.design\/index.php?rest_route=%2Fwp%2Fv2%2Fcomments&post=610"}],"wp:featuredmedia":[{"embeddable":true,"href":"https:\/\/p-art.design\/index.php?rest_route=\/wp\/v2\/media\/611"}],"wp:attachment":[{"href":"https:\/\/p-art.design\/index.php?rest_route=%2Fwp%2Fv2%2Fmedia&parent=610"}],"wp:term":[{"taxonomy":"product_brand","embeddable":true,"href":"https:\/\/p-art.design\/index.php?rest_route=%2Fwp%2Fv2%2Fproduct_brand&post=610"},{"taxonomy":"product_cat","embeddable":true,"href":"https:\/\/p-art.design\/index.php?rest_route=%2Fwp%2Fv2%2Fproduct_cat&post=610"},{"taxonomy":"product_tag","embeddable":true,"href":"https:\/\/p-art.design\/index.php?rest_route=%2Fwp%2Fv2%2Fproduct_tag&post=610"}],"curies":[{"name":"wp","href":"https:\/\/api.w.org\/{rel}","templated":true}]}}