{"id":606,"date":"2019-12-28T15:41:24","date_gmt":"2019-12-28T14:41:24","guid":{"rendered":"https:\/\/p-art.design\/?post_type=product&#038;p=606"},"modified":"2024-04-11T19:51:49","modified_gmt":"2024-04-11T17:51:49","slug":"stinidlo-a-obraz-dortiky","status":"publish","type":"product","link":"https:\/\/p-art.design\/?product=stinidlo-a-obraz-dortiky","title":{"rendered":"ST\u00cdNIDLO A OBRAZ &#8211; dort\u00edky"},"content":{"rendered":"<div id=\"product-detail-descr\" class=\"zbozi_body\">\n<p>St\u00ednidlo pr\u016fm\u011br 40 cm<\/p>\n<p>Obraz 19 x 31 cm<\/p>\n<p>Dort\u00ed\u010dky se hod\u00ed do pokoj\u00ed\u010dku hol\u010di\u010dky nap\u0159. ke kuchy\u0148ce, jako v\u00fdzdoba do kuchyn\u011b nebo tak\u00e9 do sladk\u00e9 cukr\u00e1rny.<\/p>\n<p>Mohu zhotovit samostatn\u011b st\u00ednidlo \u010di st\u00ednidla\u00a0 , kter\u00e9 mohou b\u00fdt kr\u00e1snou narozeninovou ozdobou.<\/p>\n<\/div>\n","protected":false},"excerpt":{"rendered":"<p><strong>St\u00ednidlo a obraz &#8211; dort\u00edky.<\/strong><\/p>\n","protected":false},"featured_media":608,"comment_status":"open","ping_status":"closed","template":"","meta":{"_exactmetrics_skip_tracking":false,"_exactmetrics_sitenote_active":false,"_exactmetrics_sitenote_note":"","_exactmetrics_sitenote_category":0},"product_brand":[],"product_cat":[22],"product_tag":[],"class_list":{"0":"post-606","1":"product","2":"type-product","3":"status-publish","4":"has-post-thumbnail","6":"product_cat-stinidla-a-obrazy-sety","8":"first","9":"instock","10":"taxable","11":"shipping-taxable","12":"purchasable","13":"product-type-simple"},"acf":[],"jetpack_sharing_enabled":true,"_links":{"self":[{"href":"https:\/\/p-art.design\/index.php?rest_route=\/wp\/v2\/product\/606","targetHints":{"allow":["GET"]}}],"collection":[{"href":"https:\/\/p-art.design\/index.php?rest_route=\/wp\/v2\/product"}],"about":[{"href":"https:\/\/p-art.design\/index.php?rest_route=\/wp\/v2\/types\/product"}],"replies":[{"embeddable":true,"href":"https:\/\/p-art.design\/index.php?rest_route=%2Fwp%2Fv2%2Fcomments&post=606"}],"wp:featuredmedia":[{"embeddable":true,"href":"https:\/\/p-art.design\/index.php?rest_route=\/wp\/v2\/media\/608"}],"wp:attachment":[{"href":"https:\/\/p-art.design\/index.php?rest_route=%2Fwp%2Fv2%2Fmedia&parent=606"}],"wp:term":[{"taxonomy":"product_brand","embeddable":true,"href":"https:\/\/p-art.design\/index.php?rest_route=%2Fwp%2Fv2%2Fproduct_brand&post=606"},{"taxonomy":"product_cat","embeddable":true,"href":"https:\/\/p-art.design\/index.php?rest_route=%2Fwp%2Fv2%2Fproduct_cat&post=606"},{"taxonomy":"product_tag","embeddable":true,"href":"https:\/\/p-art.design\/index.php?rest_route=%2Fwp%2Fv2%2Fproduct_tag&post=606"}],"curies":[{"name":"wp","href":"https:\/\/api.w.org\/{rel}","templated":true}]}}