{"id":602,"date":"2019-12-28T15:05:28","date_gmt":"2019-12-28T14:05:28","guid":{"rendered":"https:\/\/p-art.design\/?post_type=product&#038;p=602"},"modified":"2024-04-03T21:42:37","modified_gmt":"2024-04-03T19:42:37","slug":"stinidlo-obraz-svicka-vanoce","status":"publish","type":"product","link":"https:\/\/p-art.design\/?product=stinidlo-obraz-svicka-vanoce","title":{"rendered":"ST\u00cdNIDLO, OBRAZ, SV\u00cd\u010cKA &#8211; v\u00e1noce"},"content":{"rendered":"<p>St\u00ednidlo o pr\u016fm\u011bru 40 cm, m\u016f\u017eeme pou\u017e\u00edt jako stropn\u00ed st\u00ednidlo nebo tak\u00e9 jen jako v\u00e1no\u010dn\u00ed dekoraci, zav\u011b\u0161enou kdekoliv v byt\u011b, dom\u011b \u010di na zahrad\u011b.<\/p>\n<p>Obraz m\u00e1 rozm\u011bry 31 x 31 cm, je nat\u0159en \u017elut\u011b a na decoupage je pou\u017eit lak v odst\u00ednu hlin\u00edk. R\u00e1m je nat\u0159en tmav\u0161\u00ed \u017elutou a tak\u00e9 lakov\u00e1n.<\/p>\n<p>Sv\u00edcen, kter\u00fd m\u016f\u017ee b\u00fdt pou\u017eit tak\u00e9 jako obal na kv\u011btinu je \u017elut\u00fd, v\u00fd\u0161ky 8,5 cm s \u010dervenou kulatou sv\u00ed\u010dkou, dozdoben\u00fd \u010derven\u00fdm sisalem.<\/p>\n","protected":false},"excerpt":{"rendered":"<p><strong>St\u00ednidlo, obraz a sv\u00ed\u010dka &#8211; v\u00e1noce.<br \/>\n<\/strong><\/p>\n","protected":false},"featured_media":603,"comment_status":"open","ping_status":"closed","template":"","meta":{"_exactmetrics_skip_tracking":false,"_exactmetrics_sitenote_active":false,"_exactmetrics_sitenote_note":"","_exactmetrics_sitenote_category":0},"product_brand":[],"product_cat":[22],"product_tag":[],"class_list":{"0":"post-602","1":"product","2":"type-product","3":"status-publish","4":"has-post-thumbnail","6":"product_cat-stinidla-a-obrazy-sety","8":"first","9":"instock","10":"taxable","11":"shipping-taxable","12":"purchasable","13":"product-type-simple"},"acf":[],"jetpack_sharing_enabled":true,"_links":{"self":[{"href":"https:\/\/p-art.design\/index.php?rest_route=\/wp\/v2\/product\/602","targetHints":{"allow":["GET"]}}],"collection":[{"href":"https:\/\/p-art.design\/index.php?rest_route=\/wp\/v2\/product"}],"about":[{"href":"https:\/\/p-art.design\/index.php?rest_route=\/wp\/v2\/types\/product"}],"replies":[{"embeddable":true,"href":"https:\/\/p-art.design\/index.php?rest_route=%2Fwp%2Fv2%2Fcomments&post=602"}],"wp:featuredmedia":[{"embeddable":true,"href":"https:\/\/p-art.design\/index.php?rest_route=\/wp\/v2\/media\/603"}],"wp:attachment":[{"href":"https:\/\/p-art.design\/index.php?rest_route=%2Fwp%2Fv2%2Fmedia&parent=602"}],"wp:term":[{"taxonomy":"product_brand","embeddable":true,"href":"https:\/\/p-art.design\/index.php?rest_route=%2Fwp%2Fv2%2Fproduct_brand&post=602"},{"taxonomy":"product_cat","embeddable":true,"href":"https:\/\/p-art.design\/index.php?rest_route=%2Fwp%2Fv2%2Fproduct_cat&post=602"},{"taxonomy":"product_tag","embeddable":true,"href":"https:\/\/p-art.design\/index.php?rest_route=%2Fwp%2Fv2%2Fproduct_tag&post=602"}],"curies":[{"name":"wp","href":"https:\/\/api.w.org\/{rel}","templated":true}]}}