{"id":598,"date":"2019-12-28T15:03:12","date_gmt":"2019-12-28T14:03:12","guid":{"rendered":"https:\/\/p-art.design\/?post_type=product&#038;p=598"},"modified":"2024-04-11T19:51:15","modified_gmt":"2024-04-11T17:51:15","slug":"stinidlo-obraz-svicka-kyticky","status":"publish","type":"product","link":"https:\/\/p-art.design\/?product=stinidlo-obraz-svicka-kyticky","title":{"rendered":"ST\u00cdNIDLO, OBRAZ, SV\u00cd\u010cKA &#8211; kyti\u010dky"},"content":{"rendered":"<div id=\"product-detail-descr\" class=\"zbozi_body\">\n<p>St\u00ednidlo o pr\u016fm\u011bru 40 cm se hod\u00ed do jemn\u011b lad\u011bn\u00e9ho d\u00edv\u010d\u00edho pokoje nebo kyti\u010dkov\u00e9 kuchyn\u011b \u010di ob\u00fdv\u00e1ku. V\u00edce t\u011bchto st\u00ednidel m\u016f\u017eeme pou\u017e\u00edt na jarn\u00ed slavnost uprost\u0159ed rozkv\u00e9taj\u00edc\u00ed zahrady.<\/p>\n<p>Obraz m\u00e1 rozm\u011bry 39 x 39 cm, je nat\u0159en r\u016f\u017eovou a decoupage je d\u011bl\u00e1na ma\u010dkan\u00fdm stylem, kter\u00fd na p\u0159\u00edm\u00e9m sv\u011btle vypad\u00e1 hezky. R\u00e1m je tmav\u011b r\u016f\u017eov\u00fd. Lakov\u00e1no.<\/p>\n<p>Sv\u00ed\u010dka je vlo\u017eena do obalu na kv\u011btin\u00e1\u010d vysok\u00fd 8,5 cm, kter\u00fd tak\u00e9 lze k tomuto \u00fa\u010delu pou\u017e\u00edt. Dozdobeno r\u016f\u017eov\u00fdm sisalem.<\/p>\n<\/div>\n","protected":false},"excerpt":{"rendered":"<p><strong>St\u00ednidlo, obraz a sv\u00ed\u010dka &#8211; kyti\u010dky.<\/strong><\/p>\n","protected":false},"featured_media":599,"comment_status":"open","ping_status":"closed","template":"","meta":{"_exactmetrics_skip_tracking":false,"_exactmetrics_sitenote_active":false,"_exactmetrics_sitenote_note":"","_exactmetrics_sitenote_category":0},"product_brand":[],"product_cat":[22],"product_tag":[],"class_list":{"0":"post-598","1":"product","2":"type-product","3":"status-publish","4":"has-post-thumbnail","6":"product_cat-stinidla-a-obrazy-sety","8":"first","9":"instock","10":"taxable","11":"shipping-taxable","12":"purchasable","13":"product-type-simple"},"acf":[],"jetpack_sharing_enabled":true,"_links":{"self":[{"href":"https:\/\/p-art.design\/index.php?rest_route=\/wp\/v2\/product\/598","targetHints":{"allow":["GET"]}}],"collection":[{"href":"https:\/\/p-art.design\/index.php?rest_route=\/wp\/v2\/product"}],"about":[{"href":"https:\/\/p-art.design\/index.php?rest_route=\/wp\/v2\/types\/product"}],"replies":[{"embeddable":true,"href":"https:\/\/p-art.design\/index.php?rest_route=%2Fwp%2Fv2%2Fcomments&post=598"}],"wp:featuredmedia":[{"embeddable":true,"href":"https:\/\/p-art.design\/index.php?rest_route=\/wp\/v2\/media\/599"}],"wp:attachment":[{"href":"https:\/\/p-art.design\/index.php?rest_route=%2Fwp%2Fv2%2Fmedia&parent=598"}],"wp:term":[{"taxonomy":"product_brand","embeddable":true,"href":"https:\/\/p-art.design\/index.php?rest_route=%2Fwp%2Fv2%2Fproduct_brand&post=598"},{"taxonomy":"product_cat","embeddable":true,"href":"https:\/\/p-art.design\/index.php?rest_route=%2Fwp%2Fv2%2Fproduct_cat&post=598"},{"taxonomy":"product_tag","embeddable":true,"href":"https:\/\/p-art.design\/index.php?rest_route=%2Fwp%2Fv2%2Fproduct_tag&post=598"}],"curies":[{"name":"wp","href":"https:\/\/api.w.org\/{rel}","templated":true}]}}