{"id":596,"date":"2019-12-28T14:58:51","date_gmt":"2019-12-28T13:58:51","guid":{"rendered":"https:\/\/p-art.design\/?post_type=product&#038;p=596"},"modified":"2024-11-21T00:33:16","modified_gmt":"2024-11-20T23:33:16","slug":"stinidlo-stropni-srdicka","status":"publish","type":"product","link":"https:\/\/p-art.design\/?product=stinidlo-stropni-srdicka","title":{"rendered":"ST\u00cdNIDLO STROPN\u00cd &#8211; srd\u00ed\u010dka"},"content":{"rendered":"<div id=\"product-detail-descr\" class=\"zbozi_body\">\n<div>Stropn\u00ed st\u00ednidlo, pr\u016fm\u011br 40 cm se d\u00e1 tak\u00e9 pou\u017e\u00edt jen jako dekorativn\u00ed lampion zav\u011b\u0161en\u00fd kdekoli v m\u00edstnosti nebo venku.<\/div>\n<div><\/div>\n<div>M\u00e1me-li jich v\u00edce m\u016f\u017ee tvo\u0159it kr\u00e1snou dekoraci p\u0159i r\u016fzn\u00fdch slavnostech nebo srd\u00ed\u010dkovou v\u00fdzdobu na Den svat\u00e9ho Valent\u00fdna.<\/div>\n<div><\/div>\n<div><\/div>\n<\/div>\n","protected":false},"excerpt":{"rendered":"<p><strong>Stropn\u00ed st\u00ednidlo, pr\u016fm\u011br 40 cm.<\/strong><\/p>\n","protected":false},"featured_media":597,"comment_status":"open","ping_status":"closed","template":"","meta":{"_exactmetrics_skip_tracking":false,"_exactmetrics_sitenote_active":false,"_exactmetrics_sitenote_note":"","_exactmetrics_sitenote_category":0},"product_brand":[],"product_cat":[21],"product_tag":[],"class_list":{"0":"post-596","1":"product","2":"type-product","3":"status-publish","4":"has-post-thumbnail","6":"product_cat-stinidla-stropni","8":"first","9":"instock","10":"taxable","11":"shipping-taxable","12":"purchasable","13":"product-type-simple"},"acf":[],"jetpack_sharing_enabled":true,"_links":{"self":[{"href":"https:\/\/p-art.design\/index.php?rest_route=\/wp\/v2\/product\/596","targetHints":{"allow":["GET"]}}],"collection":[{"href":"https:\/\/p-art.design\/index.php?rest_route=\/wp\/v2\/product"}],"about":[{"href":"https:\/\/p-art.design\/index.php?rest_route=\/wp\/v2\/types\/product"}],"replies":[{"embeddable":true,"href":"https:\/\/p-art.design\/index.php?rest_route=%2Fwp%2Fv2%2Fcomments&post=596"}],"wp:featuredmedia":[{"embeddable":true,"href":"https:\/\/p-art.design\/index.php?rest_route=\/wp\/v2\/media\/597"}],"wp:attachment":[{"href":"https:\/\/p-art.design\/index.php?rest_route=%2Fwp%2Fv2%2Fmedia&parent=596"}],"wp:term":[{"taxonomy":"product_brand","embeddable":true,"href":"https:\/\/p-art.design\/index.php?rest_route=%2Fwp%2Fv2%2Fproduct_brand&post=596"},{"taxonomy":"product_cat","embeddable":true,"href":"https:\/\/p-art.design\/index.php?rest_route=%2Fwp%2Fv2%2Fproduct_cat&post=596"},{"taxonomy":"product_tag","embeddable":true,"href":"https:\/\/p-art.design\/index.php?rest_route=%2Fwp%2Fv2%2Fproduct_tag&post=596"}],"curies":[{"name":"wp","href":"https:\/\/api.w.org\/{rel}","templated":true}]}}