{"id":479,"date":"2019-12-27T23:55:45","date_gmt":"2019-12-27T22:55:45","guid":{"rendered":"https:\/\/p-art.design\/?post_type=product&#038;p=479"},"modified":"2024-06-26T19:57:00","modified_gmt":"2024-06-26T17:57:00","slug":"set-mentolovy-strevicek-2","status":"publish","type":"product","link":"https:\/\/p-art.design\/?product=set-mentolovy-strevicek-2","title":{"rendered":"SET MENTOLOV\u00dd &#8211; ST\u0158EV\u00cd\u010cEK 2"},"content":{"rendered":"<p>Velikost 0-3 m\u011bs\u00edce<\/p>\n<p>Materi\u00e1l &#8211; mentolov\u00fd fleece (jemn\u00fd prou\u017eek), bavln\u011bn\u00e9 body<\/p>\n<p>Body &#8211; decoupage &#8211; st\u0159ev\u00ed\u010dek, velikost 0-3 m\u011bs\u00edce, d\u00e9lka 34cm, \u0161\u00ed\u0159ka 21cm<\/p>\n<p>Kalhoty &#8211; pas voln\u011b:44cm (m\u011b\u0159en vnit\u0159n\u00ed obvod), lze i zv\u011bt\u0161it, celkov\u00e1 d\u00e9lka 30cm, \u0161\u00ed\u0159e v nej\u0161ir\u0161\u00edm m\u00edst\u011b 32cm, vnit\u0159n\u00ed d\u00e9lka 12cm. Vhodn\u00e9 pro pou\u017eit\u00ed l\u00e1tkov\u00fdch plen.<\/p>\n<p>\u010cepice &#8211; do velikosti hlavi\u010dky 38cm ( m\u011b\u0159en vnit\u0159n\u00ed obvod), v\u00fd\u0161ka 15,5cm (ohrnut\u00fd lem), v\u00fd\u0161ka 19,5 cm (celkov\u00e1)<\/p>\n<p>\u0160\u00e1la &#8211; jednoduch\u00e1 \u0161\u00e1la, kter\u00e1 nikde nebude miminko tla\u010dit, d\u00e9lka v\u010d.t\u0159\u00e1sn\u00ed &#8211; 60cm, \u0161\u00ed\u0159ka 10 cm<\/p>\n","protected":false},"excerpt":{"rendered":"<p><strong>Mentolov\u00fd set se skl\u00e1d\u00e1 z bod\u00fd\u010dka, kalhot, \u010depice a \u0161\u00e1ly.<\/strong><\/p>\n","protected":false},"featured_media":480,"comment_status":"open","ping_status":"closed","template":"","meta":{"_exactmetrics_skip_tracking":false,"_exactmetrics_sitenote_active":false,"_exactmetrics_sitenote_note":"","_exactmetrics_sitenote_category":0},"product_brand":[],"product_cat":[19,94,115],"product_tag":[],"class_list":{"0":"post-479","1":"product","2":"type-product","3":"status-publish","4":"has-post-thumbnail","6":"product_cat-detske-obleceni","7":"product_cat-sakura_style","8":"product_cat-sety","10":"first","11":"instock","12":"taxable","13":"shipping-taxable","14":"purchasable","15":"product-type-simple"},"acf":[],"jetpack_sharing_enabled":true,"_links":{"self":[{"href":"https:\/\/p-art.design\/index.php?rest_route=\/wp\/v2\/product\/479","targetHints":{"allow":["GET"]}}],"collection":[{"href":"https:\/\/p-art.design\/index.php?rest_route=\/wp\/v2\/product"}],"about":[{"href":"https:\/\/p-art.design\/index.php?rest_route=\/wp\/v2\/types\/product"}],"replies":[{"embeddable":true,"href":"https:\/\/p-art.design\/index.php?rest_route=%2Fwp%2Fv2%2Fcomments&post=479"}],"wp:featuredmedia":[{"embeddable":true,"href":"https:\/\/p-art.design\/index.php?rest_route=\/wp\/v2\/media\/480"}],"wp:attachment":[{"href":"https:\/\/p-art.design\/index.php?rest_route=%2Fwp%2Fv2%2Fmedia&parent=479"}],"wp:term":[{"taxonomy":"product_brand","embeddable":true,"href":"https:\/\/p-art.design\/index.php?rest_route=%2Fwp%2Fv2%2Fproduct_brand&post=479"},{"taxonomy":"product_cat","embeddable":true,"href":"https:\/\/p-art.design\/index.php?rest_route=%2Fwp%2Fv2%2Fproduct_cat&post=479"},{"taxonomy":"product_tag","embeddable":true,"href":"https:\/\/p-art.design\/index.php?rest_route=%2Fwp%2Fv2%2Fproduct_tag&post=479"}],"curies":[{"name":"wp","href":"https:\/\/api.w.org\/{rel}","templated":true}]}}