{"id":475,"date":"2019-12-27T23:50:09","date_gmt":"2019-12-27T22:50:09","guid":{"rendered":"https:\/\/p-art.design\/?post_type=product&#038;p=475"},"modified":"2021-12-25T20:08:49","modified_gmt":"2021-12-25T19:08:49","slug":"set-mentolovy-strevicek-1","status":"publish","type":"product","link":"https:\/\/p-art.design\/?product=set-mentolovy-strevicek-1","title":{"rendered":"SET MENTOLOV\u00dd &#8211; ST\u0158EV\u00cd\u010cEK 1"},"content":{"rendered":"<p>Velikost 0-3 m\u011bs\u00edce<\/p>\n<p>Materi\u00e1l &#8211; mentolov\u00fd fleece, bavln\u011bn\u00e9 body<\/p>\n<p><strong>Body<\/strong> &#8211; decoupage &#8211; st\u0159ev\u00ed\u010dek, velikost 0-3 m\u011bs\u00edce, d\u00e9lka 35cm, \u0161\u00ed\u0159ka 20cm<\/p>\n<p><strong>Kalhoty<\/strong> &#8211; pas voln\u011b:40cm, lze i zv\u011bt\u0161it, celkov\u00e1 d\u00e9lka 32cm, \u0161\u00ed\u0159e v nej\u0161ir\u0161\u00edm m\u00edst\u011b 32cm, vnit\u0159n\u00ed d\u00e9lka 12cm. Vhodn\u00e9 pro pou\u017eit\u00ed l\u00e1tkov\u00fdch plen.<\/p>\n<p><strong>\u010cepice<\/strong> &#8211; do velikosti hlavi\u010dky 39cm, v\u00fd\u0161ka 15cm (ohrnut\u00fd lem), v\u00fd\u0161ka 20 cm(celkov\u00e1)<\/p>\n<p><strong>\u0160\u00e1la<\/strong> &#8211; jednoduch\u00e1 \u0161\u00e1la, kter\u00e1 nikde nebude miminko tla\u010dit, d\u00e9lka &#8211; 60cm, \u0161\u00ed\u0159ka 10 cm<\/p>\n","protected":false},"excerpt":{"rendered":"<p><strong>Mentolov\u00fd set se st\u0159ev\u00ed\u010dkem se skl\u00e1d\u00e1 z bod\u00fd\u010dka, kalhot, \u010depi\u010dky a \u0161\u00e1ly.<\/strong><\/p>\n","protected":false},"featured_media":476,"comment_status":"open","ping_status":"closed","template":"","meta":{"_exactmetrics_skip_tracking":false,"_exactmetrics_sitenote_active":false,"_exactmetrics_sitenote_note":"","_exactmetrics_sitenote_category":0},"product_brand":[],"product_cat":[19,94,115],"product_tag":[],"class_list":{"0":"post-475","1":"product","2":"type-product","3":"status-publish","4":"has-post-thumbnail","6":"product_cat-detske-obleceni","7":"product_cat-sakura_style","8":"product_cat-sety","10":"first","11":"instock","12":"taxable","13":"shipping-taxable","14":"purchasable","15":"product-type-simple"},"acf":[],"jetpack_sharing_enabled":true,"_links":{"self":[{"href":"https:\/\/p-art.design\/index.php?rest_route=\/wp\/v2\/product\/475","targetHints":{"allow":["GET"]}}],"collection":[{"href":"https:\/\/p-art.design\/index.php?rest_route=\/wp\/v2\/product"}],"about":[{"href":"https:\/\/p-art.design\/index.php?rest_route=\/wp\/v2\/types\/product"}],"replies":[{"embeddable":true,"href":"https:\/\/p-art.design\/index.php?rest_route=%2Fwp%2Fv2%2Fcomments&post=475"}],"wp:featuredmedia":[{"embeddable":true,"href":"https:\/\/p-art.design\/index.php?rest_route=\/wp\/v2\/media\/476"}],"wp:attachment":[{"href":"https:\/\/p-art.design\/index.php?rest_route=%2Fwp%2Fv2%2Fmedia&parent=475"}],"wp:term":[{"taxonomy":"product_brand","embeddable":true,"href":"https:\/\/p-art.design\/index.php?rest_route=%2Fwp%2Fv2%2Fproduct_brand&post=475"},{"taxonomy":"product_cat","embeddable":true,"href":"https:\/\/p-art.design\/index.php?rest_route=%2Fwp%2Fv2%2Fproduct_cat&post=475"},{"taxonomy":"product_tag","embeddable":true,"href":"https:\/\/p-art.design\/index.php?rest_route=%2Fwp%2Fv2%2Fproduct_tag&post=475"}],"curies":[{"name":"wp","href":"https:\/\/api.w.org\/{rel}","templated":true}]}}