{"id":452,"date":"2019-12-27T15:30:07","date_gmt":"2019-12-27T14:30:07","guid":{"rendered":"https:\/\/p-art.design\/?post_type=product&#038;p=452"},"modified":"2021-12-25T20:08:49","modified_gmt":"2021-12-25T19:08:49","slug":"set-cokoladovy-medvidek","status":"publish","type":"product","link":"https:\/\/p-art.design\/?product=set-cokoladovy-medvidek","title":{"rendered":"SET \u010cOKOL\u00c1DOV\u00dd &#8211; MEDV\u00cdDEK"},"content":{"rendered":"<p>Velikost 62 (0-3 m\u011bs\u00edce)<\/p>\n<p>Materi\u00e1l &#8211; tmav\u011b hn\u011bd\u00fd fleece, bavln\u011bn\u00e9 body<\/p>\n<p><strong>Body<\/strong> &#8211; decoupage &#8211; medv\u00eddek, velikost 0-3 m\u011bs\u00edce<\/p>\n<p><strong>Kalhoty<\/strong> &#8211; pas voln\u011b:38cm, ponech\u00e1n p\u0159\u00edstup ke gum\u011b, lze tedy i zv\u011bt\u0161it, celkov\u00e1 d\u00e9lka 32cm, \u0161\u00ed\u0159e v nej\u0161ir\u0161\u00edm m\u00edst\u011b 33cm, vhodn\u00e9 pro pou\u017eit\u00ed l\u00e1tkov\u00fdch plen.<\/p>\n<p><strong>\u010cepice<\/strong> &#8211; do velikosti hlavi\u010dky 40cm, v\u00fd\u0161ka 15cm (ohrnut\u00fd lem), v\u00fd\u0161ka 18 cm(celkov\u00e1)<\/p>\n<p><strong>\u0160\u00e1la<\/strong> &#8211; jednoduch\u00e1 \u0161\u00e1la, kter\u00e1 nikde nebude miminko tla\u010dit, d\u00e9lka &#8211; 59cm, \u0161\u00ed\u0159ka 11 cm<\/p>\n","protected":false},"excerpt":{"rendered":"<p><strong>\u010cokol\u00e1dov\u00fd set s medv\u00eddkem se skl\u00e1d\u00e1 z bod\u00fd\u010dka, kalhot, \u010depi\u010dky a \u0161\u00e1ly.<\/strong><\/p>\n<p>&nbsp;<\/p>\n<p>&nbsp;<\/p>\n","protected":false},"featured_media":453,"comment_status":"open","ping_status":"closed","template":"","meta":{"_exactmetrics_skip_tracking":false,"_exactmetrics_sitenote_active":false,"_exactmetrics_sitenote_note":"","_exactmetrics_sitenote_category":0},"product_brand":[],"product_cat":[19,94,115],"product_tag":[],"class_list":{"0":"post-452","1":"product","2":"type-product","3":"status-publish","4":"has-post-thumbnail","6":"product_cat-detske-obleceni","7":"product_cat-sakura_style","8":"product_cat-sety","10":"first","11":"instock","12":"taxable","13":"shipping-taxable","14":"purchasable","15":"product-type-simple"},"acf":[],"jetpack_sharing_enabled":true,"_links":{"self":[{"href":"https:\/\/p-art.design\/index.php?rest_route=\/wp\/v2\/product\/452","targetHints":{"allow":["GET"]}}],"collection":[{"href":"https:\/\/p-art.design\/index.php?rest_route=\/wp\/v2\/product"}],"about":[{"href":"https:\/\/p-art.design\/index.php?rest_route=\/wp\/v2\/types\/product"}],"replies":[{"embeddable":true,"href":"https:\/\/p-art.design\/index.php?rest_route=%2Fwp%2Fv2%2Fcomments&post=452"}],"wp:featuredmedia":[{"embeddable":true,"href":"https:\/\/p-art.design\/index.php?rest_route=\/wp\/v2\/media\/453"}],"wp:attachment":[{"href":"https:\/\/p-art.design\/index.php?rest_route=%2Fwp%2Fv2%2Fmedia&parent=452"}],"wp:term":[{"taxonomy":"product_brand","embeddable":true,"href":"https:\/\/p-art.design\/index.php?rest_route=%2Fwp%2Fv2%2Fproduct_brand&post=452"},{"taxonomy":"product_cat","embeddable":true,"href":"https:\/\/p-art.design\/index.php?rest_route=%2Fwp%2Fv2%2Fproduct_cat&post=452"},{"taxonomy":"product_tag","embeddable":true,"href":"https:\/\/p-art.design\/index.php?rest_route=%2Fwp%2Fv2%2Fproduct_tag&post=452"}],"curies":[{"name":"wp","href":"https:\/\/api.w.org\/{rel}","templated":true}]}}