{"id":3969,"date":"2020-04-27T00:15:16","date_gmt":"2020-04-26T22:15:16","guid":{"rendered":"https:\/\/p-art.design\/?post_type=product&#038;p=3969"},"modified":"2022-01-02T16:50:29","modified_gmt":"2022-01-02T15:50:29","slug":"krajkova-sukne-divci-2","status":"publish","type":"product","link":"https:\/\/p-art.design\/?product=krajkova-sukne-divci-2","title":{"rendered":"KRAJKOV\u00c1 SUKN\u011a &#8211; d\u00edv\u010d\u00ed vel. 122"},"content":{"rendered":"<p>Sukn\u011b m\u00e1 dv\u011b vrstvy z krajky. Rozm\u011bry: pas voln\u011b 54 cm, d\u00e9lka 30 cm Odpov\u00edd\u00e1 velikosti 122<\/p>\n<p>(Na fotografii je to ta v\u011bt\u0161\u00ed sukn\u011b.)<\/p>\n","protected":false},"excerpt":{"rendered":"<p>Sukn\u011b m\u00e1 dv\u011b vrstvy z krajky. Rozm\u011bry: pas voln\u011b 54 cm, d\u00e9lka 30 cm Odpov\u00edd\u00e1 velikosti 122 (Na fotografii je to ta v\u011bt\u0161\u00ed sukn\u011b.)<\/p>\n","protected":false},"featured_media":3970,"comment_status":"open","ping_status":"closed","template":"","meta":{"_exactmetrics_skip_tracking":false,"_exactmetrics_sitenote_active":false,"_exactmetrics_sitenote_note":"","_exactmetrics_sitenote_category":0},"product_brand":[],"product_cat":[92],"product_tag":[],"class_list":{"0":"post-3969","1":"product","2":"type-product","3":"status-publish","4":"has-post-thumbnail","6":"product_cat-sukne-divky","8":"first","9":"instock","10":"taxable","11":"shipping-taxable","12":"purchasable","13":"product-type-simple"},"acf":[],"jetpack_sharing_enabled":true,"_links":{"self":[{"href":"https:\/\/p-art.design\/index.php?rest_route=\/wp\/v2\/product\/3969","targetHints":{"allow":["GET"]}}],"collection":[{"href":"https:\/\/p-art.design\/index.php?rest_route=\/wp\/v2\/product"}],"about":[{"href":"https:\/\/p-art.design\/index.php?rest_route=\/wp\/v2\/types\/product"}],"replies":[{"embeddable":true,"href":"https:\/\/p-art.design\/index.php?rest_route=%2Fwp%2Fv2%2Fcomments&post=3969"}],"wp:featuredmedia":[{"embeddable":true,"href":"https:\/\/p-art.design\/index.php?rest_route=\/wp\/v2\/media\/3970"}],"wp:attachment":[{"href":"https:\/\/p-art.design\/index.php?rest_route=%2Fwp%2Fv2%2Fmedia&parent=3969"}],"wp:term":[{"taxonomy":"product_brand","embeddable":true,"href":"https:\/\/p-art.design\/index.php?rest_route=%2Fwp%2Fv2%2Fproduct_brand&post=3969"},{"taxonomy":"product_cat","embeddable":true,"href":"https:\/\/p-art.design\/index.php?rest_route=%2Fwp%2Fv2%2Fproduct_cat&post=3969"},{"taxonomy":"product_tag","embeddable":true,"href":"https:\/\/p-art.design\/index.php?rest_route=%2Fwp%2Fv2%2Fproduct_tag&post=3969"}],"curies":[{"name":"wp","href":"https:\/\/api.w.org\/{rel}","templated":true}]}}