{"id":17441,"date":"2024-12-09T00:51:43","date_gmt":"2024-12-08T23:51:43","guid":{"rendered":"https:\/\/p-art.design\/?post_type=product&#038;p=17441"},"modified":"2024-12-09T00:59:10","modified_gmt":"2024-12-08T23:59:10","slug":"saty-ruzove-se-vzorem","status":"publish","type":"product","link":"https:\/\/p-art.design\/?product=saty-ruzove-se-vzorem","title":{"rendered":"\u0160aty r\u016f\u017eov\u00e9 se vzorem"},"content":{"rendered":"<p>Elegantn\u00ed \u0161aty z \u00fapletu.<\/p>\n<p>Lze pr\u00e1t na 40 st.<\/p>\n<p>Vel. 38\/40<\/p>\n","protected":false},"excerpt":{"rendered":"<p>Elegantn\u00ed \u0161aty z \u00fapletu. Lze pr\u00e1t na 40 st. Vel. 38\/40<\/p>\n","protected":false},"featured_media":17439,"comment_status":"closed","ping_status":"closed","template":"","meta":{"_exactmetrics_skip_tracking":false,"_exactmetrics_sitenote_active":false,"_exactmetrics_sitenote_note":"","_exactmetrics_sitenote_category":0},"product_brand":[],"product_cat":[108,94,129],"product_tag":[],"class_list":{"0":"post-17441","1":"product","2":"type-product","3":"status-publish","4":"has-post-thumbnail","6":"product_cat-zeny","7":"product_cat-sakura_style","8":"product_cat-saty-zeny","10":"first","11":"instock","12":"taxable","13":"shipping-taxable","14":"purchasable","15":"product-type-simple"},"acf":[],"jetpack_sharing_enabled":true,"_links":{"self":[{"href":"https:\/\/p-art.design\/index.php?rest_route=\/wp\/v2\/product\/17441","targetHints":{"allow":["GET"]}}],"collection":[{"href":"https:\/\/p-art.design\/index.php?rest_route=\/wp\/v2\/product"}],"about":[{"href":"https:\/\/p-art.design\/index.php?rest_route=\/wp\/v2\/types\/product"}],"replies":[{"embeddable":true,"href":"https:\/\/p-art.design\/index.php?rest_route=%2Fwp%2Fv2%2Fcomments&post=17441"}],"wp:featuredmedia":[{"embeddable":true,"href":"https:\/\/p-art.design\/index.php?rest_route=\/wp\/v2\/media\/17439"}],"wp:attachment":[{"href":"https:\/\/p-art.design\/index.php?rest_route=%2Fwp%2Fv2%2Fmedia&parent=17441"}],"wp:term":[{"taxonomy":"product_brand","embeddable":true,"href":"https:\/\/p-art.design\/index.php?rest_route=%2Fwp%2Fv2%2Fproduct_brand&post=17441"},{"taxonomy":"product_cat","embeddable":true,"href":"https:\/\/p-art.design\/index.php?rest_route=%2Fwp%2Fv2%2Fproduct_cat&post=17441"},{"taxonomy":"product_tag","embeddable":true,"href":"https:\/\/p-art.design\/index.php?rest_route=%2Fwp%2Fv2%2Fproduct_tag&post=17441"}],"curies":[{"name":"wp","href":"https:\/\/api.w.org\/{rel}","templated":true}]}}