{"id":17437,"date":"2024-12-03T18:06:59","date_gmt":"2024-12-03T17:06:59","guid":{"rendered":"https:\/\/p-art.design\/?post_type=product&#038;p=17437"},"modified":"2024-12-03T18:06:59","modified_gmt":"2024-12-03T17:06:59","slug":"skin-care-celenka","status":"publish","type":"product","link":"https:\/\/p-art.design\/?product=skin-care-celenka","title":{"rendered":"Skin care \u010delenka"},"content":{"rendered":"<p><span data-sheets-value=\"{&quot;1&quot;:2,&quot;2&quot;:&quot;SOFTIES - Kosmetick\u00e1 \u010delenka&quot;}\" data-sheets-userformat=\"{&quot;2&quot;:12931,&quot;3&quot;:{&quot;1&quot;:0},&quot;4&quot;:{&quot;1&quot;:2,&quot;2&quot;:16777215},&quot;10&quot;:2,&quot;12&quot;:0,&quot;15&quot;:&quot;Quicksand&quot;,&quot;16&quot;:11}\">Padaj\u00ed v\u00e1m lokny \u010dasto na obli\u010dej a p\u0159ek\u00e1\u017eej\u00ed p\u0159i myt\u00ed, sprchov\u00e1n\u00ed nebo odli\u010dov\u00e1n\u00ed?<\/span><\/p>\n<p><span data-sheets-value=\"{&quot;1&quot;:2,&quot;2&quot;:&quot;SOFTIES - Kosmetick\u00e1 \u010delenka&quot;}\" data-sheets-userformat=\"{&quot;2&quot;:12931,&quot;3&quot;:{&quot;1&quot;:0},&quot;4&quot;:{&quot;1&quot;:2,&quot;2&quot;:16777215},&quot;10&quot;:2,&quot;12&quot;:0,&quot;15&quot;:&quot;Quicksand&quot;,&quot;16&quot;:11}\">Kosmetick\u00e1 \u010delenka nab\u00edz\u00ed \u0159e\u0161en\u00ed pro v\u0161echno!<\/span><\/p>\n","protected":false},"excerpt":{"rendered":"<p>Padaj\u00ed v\u00e1m lokny \u010dasto na obli\u010dej a p\u0159ek\u00e1\u017eej\u00ed p\u0159i myt\u00ed, sprchov\u00e1n\u00ed nebo odli\u010dov\u00e1n\u00ed? Kosmetick\u00e1 \u010delenka nab\u00edz\u00ed \u0159e\u0161en\u00ed pro v\u0161echno!<\/p>\n","protected":false},"featured_media":17426,"comment_status":"closed","ping_status":"closed","template":"","meta":{"_exactmetrics_skip_tracking":false,"_exactmetrics_sitenote_active":false,"_exactmetrics_sitenote_note":"","_exactmetrics_sitenote_category":0},"product_brand":[],"product_cat":[94,145],"product_tag":[],"class_list":{"0":"post-17437","1":"product","2":"type-product","3":"status-publish","4":"has-post-thumbnail","6":"product_cat-sakura_style","7":"product_cat-skin-care","9":"first","10":"instock","11":"taxable","12":"shipping-taxable","13":"purchasable","14":"product-type-simple"},"acf":[],"jetpack_sharing_enabled":true,"_links":{"self":[{"href":"https:\/\/p-art.design\/index.php?rest_route=\/wp\/v2\/product\/17437","targetHints":{"allow":["GET"]}}],"collection":[{"href":"https:\/\/p-art.design\/index.php?rest_route=\/wp\/v2\/product"}],"about":[{"href":"https:\/\/p-art.design\/index.php?rest_route=\/wp\/v2\/types\/product"}],"replies":[{"embeddable":true,"href":"https:\/\/p-art.design\/index.php?rest_route=%2Fwp%2Fv2%2Fcomments&post=17437"}],"wp:featuredmedia":[{"embeddable":true,"href":"https:\/\/p-art.design\/index.php?rest_route=\/wp\/v2\/media\/17426"}],"wp:attachment":[{"href":"https:\/\/p-art.design\/index.php?rest_route=%2Fwp%2Fv2%2Fmedia&parent=17437"}],"wp:term":[{"taxonomy":"product_brand","embeddable":true,"href":"https:\/\/p-art.design\/index.php?rest_route=%2Fwp%2Fv2%2Fproduct_brand&post=17437"},{"taxonomy":"product_cat","embeddable":true,"href":"https:\/\/p-art.design\/index.php?rest_route=%2Fwp%2Fv2%2Fproduct_cat&post=17437"},{"taxonomy":"product_tag","embeddable":true,"href":"https:\/\/p-art.design\/index.php?rest_route=%2Fwp%2Fv2%2Fproduct_tag&post=17437"}],"curies":[{"name":"wp","href":"https:\/\/api.w.org\/{rel}","templated":true}]}}