{"id":17436,"date":"2024-12-03T17:59:06","date_gmt":"2024-12-03T16:59:06","guid":{"rendered":"https:\/\/p-art.design\/?post_type=product&#038;p=17436"},"modified":"2024-12-03T18:00:52","modified_gmt":"2024-12-03T17:00:52","slug":"skin-care-rucnicek%f0%9f%a4%8d","status":"publish","type":"product","link":"https:\/\/p-art.design\/?product=skin-care-rucnicek%f0%9f%a4%8d","title":{"rendered":"Skin care ru\u010dn\u00ed\u010dek\ud83e\udd0d"},"content":{"rendered":"<p>Ru\u010dn\u00ed\u010dek cca 28&#215;28 cm<\/p>\n<ul class=\"listWithIcon\">\n<li><strong>Hebk\u00fd a jemn\u00fd materi\u00e1l <\/strong><\/li>\n<li><strong>Jednodu\u0161e umyje make-up <\/strong><\/li>\n<li><strong>Ekologick\u00e1 n\u00e1hrada za jednor\u00e1zov\u00e9 odli\u010dovac\u00ed pol\u0161t\u00e1\u0159ky<\/strong><\/li>\n<\/ul>\n<p>&nbsp;<\/p>\n<p>Spr\u00e1vn\u00e1 p\u00e9\u010de o ple\u0165 je z\u00e1kladem pro kr\u00e1snou, z\u00e1\u0159ivou a mladistvou poko\u017eku. Prvn\u00ed krok ke zdrav\u00e9 pleti je poko\u017eku d\u016fkladn\u011b vy\u010distit a odl\u00ed\u010dit. Sta\u010d\u00ed na n\u011bj nan\u00e9st \u010dist\u00edc\u00ed gel nebo p\u011bnu. Ple\u0165 jemn\u011b odl\u00ed\u010d\u00ed, odstran\u00ed make-up a dal\u0161\u00ed ne\u010distoty. Ru\u010dn\u00edk je vyroben\u00fd z vysoce hebk\u00e9ho a jemn\u00e9ho materi\u00e1lu, kter\u00fd je velmi \u0161etrn\u00fd k va\u0161\u00ed poko\u017ece.<\/p>\n<p>&nbsp;<\/p>\n","protected":false},"excerpt":{"rendered":"<p>Ru\u010dn\u00ed\u010dek cca 28&#215;28 cm Hebk\u00fd a jemn\u00fd materi\u00e1l Jednodu\u0161e umyje make-up Ekologick\u00e1 n\u00e1hrada za jednor\u00e1zov\u00e9 odli\u010dovac\u00ed pol\u0161t\u00e1\u0159ky &nbsp; Spr\u00e1vn\u00e1 p\u00e9\u010de o ple\u0165 je z\u00e1kladem pro kr\u00e1snou, z\u00e1\u0159ivou a mladistvou poko\u017eku. Prvn\u00ed krok ke zdrav\u00e9 pleti je poko\u017eku d\u016fkladn\u011b vy\u010distit a odl\u00ed\u010dit. Sta\u010d\u00ed na n\u011bj nan\u00e9st \u010dist\u00edc\u00ed gel nebo p\u011bnu. Ple\u0165 jemn\u011b odl\u00ed\u010d\u00ed, odstran\u00ed make-up a dal\u0161\u00ed ne\u010distoty. Ru\u010dn\u00edk je vyroben\u00fd z vysoce hebk\u00e9ho a jemn\u00e9ho materi\u00e1lu, kter\u00fd je velmi \u0161etrn\u00fd k va\u0161\u00ed poko\u017ece. &nbsp;<\/p>\n","protected":false},"featured_media":17429,"comment_status":"closed","ping_status":"closed","template":"","meta":{"_exactmetrics_skip_tracking":false,"_exactmetrics_sitenote_active":false,"_exactmetrics_sitenote_note":"","_exactmetrics_sitenote_category":0},"product_brand":[],"product_cat":[94,145],"product_tag":[],"class_list":{"0":"post-17436","1":"product","2":"type-product","3":"status-publish","4":"has-post-thumbnail","6":"product_cat-sakura_style","7":"product_cat-skin-care","9":"first","10":"instock","11":"taxable","12":"shipping-taxable","13":"purchasable","14":"product-type-simple"},"acf":[],"jetpack_sharing_enabled":true,"_links":{"self":[{"href":"https:\/\/p-art.design\/index.php?rest_route=\/wp\/v2\/product\/17436","targetHints":{"allow":["GET"]}}],"collection":[{"href":"https:\/\/p-art.design\/index.php?rest_route=\/wp\/v2\/product"}],"about":[{"href":"https:\/\/p-art.design\/index.php?rest_route=\/wp\/v2\/types\/product"}],"replies":[{"embeddable":true,"href":"https:\/\/p-art.design\/index.php?rest_route=%2Fwp%2Fv2%2Fcomments&post=17436"}],"wp:featuredmedia":[{"embeddable":true,"href":"https:\/\/p-art.design\/index.php?rest_route=\/wp\/v2\/media\/17429"}],"wp:attachment":[{"href":"https:\/\/p-art.design\/index.php?rest_route=%2Fwp%2Fv2%2Fmedia&parent=17436"}],"wp:term":[{"taxonomy":"product_brand","embeddable":true,"href":"https:\/\/p-art.design\/index.php?rest_route=%2Fwp%2Fv2%2Fproduct_brand&post=17436"},{"taxonomy":"product_cat","embeddable":true,"href":"https:\/\/p-art.design\/index.php?rest_route=%2Fwp%2Fv2%2Fproduct_cat&post=17436"},{"taxonomy":"product_tag","embeddable":true,"href":"https:\/\/p-art.design\/index.php?rest_route=%2Fwp%2Fv2%2Fproduct_tag&post=17436"}],"curies":[{"name":"wp","href":"https:\/\/api.w.org\/{rel}","templated":true}]}}