{"id":17433,"date":"2024-12-03T17:46:00","date_gmt":"2024-12-03T16:46:00","guid":{"rendered":"https:\/\/p-art.design\/?post_type=product&#038;p=17433"},"modified":"2024-12-03T17:46:51","modified_gmt":"2024-12-03T16:46:51","slug":"skin-care-set-%f0%9f%a4%8d","status":"publish","type":"product","link":"https:\/\/p-art.design\/?product=skin-care-set-%f0%9f%a4%8d","title":{"rendered":"Skin care set \ud83e\udd0d"},"content":{"rendered":"<p style=\"font-weight: 400;\">Sada obsahuje 7 ru\u010dn\u00ed\u010dk\u016f, \u010delenku, gumi\u010dku do vlas\u016f a ochranu proti st\u00e9k\u00e1n\u00ed vody na z\u00e1p\u011bst\u00ed.<\/p>\n<p style=\"font-weight: 400;\">Lze zakoupit i jednotliv\u011b:<\/p>\n<p style=\"font-weight: 400;\">Ru\u010dn\u00ed\u010dek 100 K\u010d<\/p>\n<p style=\"font-weight: 400;\">\u010celenka\u00a0\u00a0\u00a0 150 K\u010d<\/p>\n<p style=\"font-weight: 400;\">Gumi\u010dka do vlas\u016f 50 K\u010d<\/p>\n<p style=\"font-weight: 400;\">Ochrana proti st\u00e9k\u00e1n\u00ed 100 K\u010d<\/p>\n<p style=\"font-weight: 400;\">A lze si \u0159\u00edct i o jinou barvi\u010dku.<\/p>\n","protected":false},"excerpt":{"rendered":"<p>Sada obsahuje 7 ru\u010dn\u00ed\u010dk\u016f, \u010delenku, gumi\u010dku do vlas\u016f a ochranu proti st\u00e9k\u00e1n\u00ed vody na z\u00e1p\u011bst\u00ed. Lze zakoupit i jednotliv\u011b: Ru\u010dn\u00ed\u010dek 100 K\u010d \u010celenka\u00a0\u00a0\u00a0 150 K\u010d Gumi\u010dka do vlas\u016f 50 K\u010d Ochrana proti st\u00e9k\u00e1n\u00ed 100 K\u010d A lze si \u0159\u00edct i o jinou barvi\u010dku.<\/p>\n","protected":false},"featured_media":17429,"comment_status":"closed","ping_status":"closed","template":"","meta":{"_exactmetrics_skip_tracking":false,"_exactmetrics_sitenote_active":false,"_exactmetrics_sitenote_note":"","_exactmetrics_sitenote_category":0},"product_brand":[],"product_cat":[94,145],"product_tag":[],"class_list":{"0":"post-17433","1":"product","2":"type-product","3":"status-publish","4":"has-post-thumbnail","6":"product_cat-sakura_style","7":"product_cat-skin-care","9":"first","10":"instock","11":"taxable","12":"shipping-taxable","13":"purchasable","14":"product-type-simple"},"acf":[],"jetpack_sharing_enabled":true,"_links":{"self":[{"href":"https:\/\/p-art.design\/index.php?rest_route=\/wp\/v2\/product\/17433","targetHints":{"allow":["GET"]}}],"collection":[{"href":"https:\/\/p-art.design\/index.php?rest_route=\/wp\/v2\/product"}],"about":[{"href":"https:\/\/p-art.design\/index.php?rest_route=\/wp\/v2\/types\/product"}],"replies":[{"embeddable":true,"href":"https:\/\/p-art.design\/index.php?rest_route=%2Fwp%2Fv2%2Fcomments&post=17433"}],"wp:featuredmedia":[{"embeddable":true,"href":"https:\/\/p-art.design\/index.php?rest_route=\/wp\/v2\/media\/17429"}],"wp:attachment":[{"href":"https:\/\/p-art.design\/index.php?rest_route=%2Fwp%2Fv2%2Fmedia&parent=17433"}],"wp:term":[{"taxonomy":"product_brand","embeddable":true,"href":"https:\/\/p-art.design\/index.php?rest_route=%2Fwp%2Fv2%2Fproduct_brand&post=17433"},{"taxonomy":"product_cat","embeddable":true,"href":"https:\/\/p-art.design\/index.php?rest_route=%2Fwp%2Fv2%2Fproduct_cat&post=17433"},{"taxonomy":"product_tag","embeddable":true,"href":"https:\/\/p-art.design\/index.php?rest_route=%2Fwp%2Fv2%2Fproduct_tag&post=17433"}],"curies":[{"name":"wp","href":"https:\/\/api.w.org\/{rel}","templated":true}]}}