{"id":17394,"date":"2024-11-21T00:23:50","date_gmt":"2024-11-20T23:23:50","guid":{"rendered":"https:\/\/p-art.design\/?post_type=product&#038;p=17394"},"modified":"2024-11-21T00:23:50","modified_gmt":"2024-11-20T23:23:50","slug":"vanocni-uterky-%f0%9f%a4%8d","status":"publish","type":"product","link":"https:\/\/p-art.design\/?product=vanocni-uterky-%f0%9f%a4%8d","title":{"rendered":"V\u00e1no\u010dn\u00ed ut\u011brky \ud83e\udd0d"},"content":{"rendered":"<p>Kr\u00e1sn\u00e1 v\u00e1no\u010dn\u00ed ut\u011brka se d\u00e1 kombinovat se sn\u011bhob\u00edlou a \u0161edou ut\u011brkou, ob\u011bma nebo lze pou\u017e\u00edt samostatn\u011b pro dotvo\u0159en\u00ed v\u00e1no\u010dn\u00ed atmosf\u00e9ry obzvl\u00e1\u0161\u0165 p\u0159i pe\u010den\u00ed cukrov\u00ed.<\/p>\n<div><\/div>\n<div><\/div>\n<p>Velikost cca 45&#215;68 cm, ze 100% bavlny. Pran\u00ed do 40 st. C, \u017eehlen\u00ed na 1 stupe\u0148.<\/p>\n<div><\/div>\n<div><\/div>\n","protected":false},"excerpt":{"rendered":"<p><img loading=\"lazy\" decoding=\"async\" class=\"alignnone size-medium wp-image-17395\" src=\"https:\/\/p-art.design\/wp-content\/uploads\/2024\/11\/IMG_6019-300x223.jpeg\" alt=\"\" width=\"300\" height=\"223\" srcset=\"https:\/\/p-art.design\/wp-content\/uploads\/2024\/11\/IMG_6019-300x223.jpeg 300w, https:\/\/p-art.design\/wp-content\/uploads\/2024\/11\/IMG_6019-700x520.jpeg 700w, https:\/\/p-art.design\/wp-content\/uploads\/2024\/11\/IMG_6019-768x571.jpeg 768w, https:\/\/p-art.design\/wp-content\/uploads\/2024\/11\/IMG_6019-600x446.jpeg 600w, https:\/\/p-art.design\/wp-content\/uploads\/2024\/11\/IMG_6019-1536x1141.jpeg 1536w, https:\/\/p-art.design\/wp-content\/uploads\/2024\/11\/IMG_6019-2048x1522.jpeg 2048w, https:\/\/p-art.design\/wp-content\/uploads\/2024\/11\/IMG_6019-81x60.jpeg 81w, https:\/\/p-art.design\/wp-content\/uploads\/2024\/11\/IMG_6019-121x90.jpeg 121w\" sizes=\"auto, (max-width: 300px) 100vw, 300px\" \/><\/p>\n","protected":false},"featured_media":17396,"comment_status":"closed","ping_status":"closed","template":"","meta":{"_exactmetrics_skip_tracking":false,"_exactmetrics_sitenote_active":false,"_exactmetrics_sitenote_note":"","_exactmetrics_sitenote_category":0},"product_brand":[],"product_cat":[133],"product_tag":[137,135,136],"class_list":{"0":"post-17394","1":"product","2":"type-product","3":"status-publish","4":"has-post-thumbnail","6":"product_cat-bytove-doplnky","7":"product_tag-kuchyn","8":"product_tag-uterky","9":"product_tag-vanoce","11":"first","12":"instock","13":"taxable","14":"shipping-taxable","15":"purchasable","16":"product-type-simple"},"acf":[],"jetpack_sharing_enabled":true,"_links":{"self":[{"href":"https:\/\/p-art.design\/index.php?rest_route=\/wp\/v2\/product\/17394","targetHints":{"allow":["GET"]}}],"collection":[{"href":"https:\/\/p-art.design\/index.php?rest_route=\/wp\/v2\/product"}],"about":[{"href":"https:\/\/p-art.design\/index.php?rest_route=\/wp\/v2\/types\/product"}],"replies":[{"embeddable":true,"href":"https:\/\/p-art.design\/index.php?rest_route=%2Fwp%2Fv2%2Fcomments&post=17394"}],"wp:featuredmedia":[{"embeddable":true,"href":"https:\/\/p-art.design\/index.php?rest_route=\/wp\/v2\/media\/17396"}],"wp:attachment":[{"href":"https:\/\/p-art.design\/index.php?rest_route=%2Fwp%2Fv2%2Fmedia&parent=17394"}],"wp:term":[{"taxonomy":"product_brand","embeddable":true,"href":"https:\/\/p-art.design\/index.php?rest_route=%2Fwp%2Fv2%2Fproduct_brand&post=17394"},{"taxonomy":"product_cat","embeddable":true,"href":"https:\/\/p-art.design\/index.php?rest_route=%2Fwp%2Fv2%2Fproduct_cat&post=17394"},{"taxonomy":"product_tag","embeddable":true,"href":"https:\/\/p-art.design\/index.php?rest_route=%2Fwp%2Fv2%2Fproduct_tag&post=17394"}],"curies":[{"name":"wp","href":"https:\/\/api.w.org\/{rel}","templated":true}]}}