{"id":17387,"date":"2024-11-20T19:21:25","date_gmt":"2024-11-20T18:21:25","guid":{"rendered":"https:\/\/p-art.design\/?post_type=product&#038;p=17387"},"modified":"2024-11-20T19:22:27","modified_gmt":"2024-11-20T18:22:27","slug":"scrunchies%f0%9f%a4%8d","status":"publish","type":"product","link":"https:\/\/p-art.design\/?product=scrunchies%f0%9f%a4%8d","title":{"rendered":"Scrunchies\ud83e\udd0d"},"content":{"rendered":"<p style=\"font-weight: 400;\">Gumi\u010dky do vlas\u016f, kter\u00e9 netahaj\u00ed a p\u0159itom pevn\u011b sepnou vlasy do cul\u00edku nebo drdolu a to i po cel\u00fd den bez bolesti hlavy.<\/p>\n<p style=\"font-weight: 400;\">Ze sat\u00e9nu, visk\u00f3zy i bavlny.<\/p>\n<p style=\"font-weight: 400;\">\n","protected":false},"excerpt":{"rendered":"<p><img loading=\"lazy\" decoding=\"async\" class=\"alignnone size-medium wp-image-17390\" src=\"https:\/\/p-art.design\/wp-content\/uploads\/2024\/11\/IMG_6011-265x300.jpeg\" alt=\"\" width=\"265\" height=\"300\" srcset=\"https:\/\/p-art.design\/wp-content\/uploads\/2024\/11\/IMG_6011-265x300.jpeg 265w, https:\/\/p-art.design\/wp-content\/uploads\/2024\/11\/IMG_6011-618x700.jpeg 618w, https:\/\/p-art.design\/wp-content\/uploads\/2024\/11\/IMG_6011-768x871.jpeg 768w, https:\/\/p-art.design\/wp-content\/uploads\/2024\/11\/IMG_6011-600x680.jpeg 600w, https:\/\/p-art.design\/wp-content\/uploads\/2024\/11\/IMG_6011-1355x1536.jpeg 1355w, https:\/\/p-art.design\/wp-content\/uploads\/2024\/11\/IMG_6011-1807x2048.jpeg 1807w, https:\/\/p-art.design\/wp-content\/uploads\/2024\/11\/IMG_6011-53x60.jpeg 53w, https:\/\/p-art.design\/wp-content\/uploads\/2024\/11\/IMG_6011-79x90.jpeg 79w\" sizes=\"auto, (max-width: 265px) 100vw, 265px\" \/><\/p>\n","protected":false},"featured_media":17388,"comment_status":"closed","ping_status":"closed","template":"","meta":{"_exactmetrics_skip_tracking":false,"_exactmetrics_sitenote_active":false,"_exactmetrics_sitenote_note":"","_exactmetrics_sitenote_category":0},"product_brand":[],"product_cat":[94,134],"product_tag":[],"class_list":{"0":"post-17387","1":"product","2":"type-product","3":"status-publish","4":"has-post-thumbnail","6":"product_cat-sakura_style","7":"product_cat-scrunchies","9":"first","10":"instock","11":"taxable","12":"shipping-taxable","13":"purchasable","14":"product-type-simple"},"acf":[],"jetpack_sharing_enabled":true,"_links":{"self":[{"href":"https:\/\/p-art.design\/index.php?rest_route=\/wp\/v2\/product\/17387","targetHints":{"allow":["GET"]}}],"collection":[{"href":"https:\/\/p-art.design\/index.php?rest_route=\/wp\/v2\/product"}],"about":[{"href":"https:\/\/p-art.design\/index.php?rest_route=\/wp\/v2\/types\/product"}],"replies":[{"embeddable":true,"href":"https:\/\/p-art.design\/index.php?rest_route=%2Fwp%2Fv2%2Fcomments&post=17387"}],"wp:featuredmedia":[{"embeddable":true,"href":"https:\/\/p-art.design\/index.php?rest_route=\/wp\/v2\/media\/17388"}],"wp:attachment":[{"href":"https:\/\/p-art.design\/index.php?rest_route=%2Fwp%2Fv2%2Fmedia&parent=17387"}],"wp:term":[{"taxonomy":"product_brand","embeddable":true,"href":"https:\/\/p-art.design\/index.php?rest_route=%2Fwp%2Fv2%2Fproduct_brand&post=17387"},{"taxonomy":"product_cat","embeddable":true,"href":"https:\/\/p-art.design\/index.php?rest_route=%2Fwp%2Fv2%2Fproduct_cat&post=17387"},{"taxonomy":"product_tag","embeddable":true,"href":"https:\/\/p-art.design\/index.php?rest_route=%2Fwp%2Fv2%2Fproduct_tag&post=17387"}],"curies":[{"name":"wp","href":"https:\/\/api.w.org\/{rel}","templated":true}]}}