{"id":17384,"date":"2024-11-20T17:03:24","date_gmt":"2024-11-20T16:03:24","guid":{"rendered":"https:\/\/p-art.design\/?post_type=product&#038;p=17384"},"modified":"2024-11-20T17:05:54","modified_gmt":"2024-11-20T16:05:54","slug":"krasne-a-save-uterky-z-vafloviny-%f0%9f%a4%8d","status":"publish","type":"product","link":"https:\/\/p-art.design\/?product=krasne-a-save-uterky-z-vafloviny-%f0%9f%a4%8d","title":{"rendered":"Kr\u00e1sn\u00e9 a sav\u00e9 ut\u011brky z vafloviny \ud83e\udd0d"},"content":{"rendered":"<p style=\"font-weight: 400;\">V\u00a0sn\u011bhob\u00edl\u00e9, \u0161ed\u00e9 a pastelov\u011b r\u016f\u017eov\u00e9 barv\u011b.<\/p>\n<p style=\"font-weight: 400;\">Velikost cca 45&#215;70 cm, ze 100% bavlny, certifikovan\u00e9 pro d\u011bti do 3 let. Pran\u00ed do 40 st. C, \u017eehlen\u00ed na 1 stupe\u0148. Takov\u00e9 je doporu\u010den\u00ed, j\u00e1 peru obvykle na 60 st. C a jednou za \u010das na 90 st. C a \u017eehl\u00edm na st. \u010c. 3.<\/p>\n<p style=\"font-weight: 400;\">Kombinujte jak je libo, nebo si \u0159ekn\u011bte a u\u0161iji i z\u00a0barev, kter\u00e9 moment\u00e1ln\u011b nejsou v\u00a0nab\u00eddce.<\/p>\n<p style=\"font-weight: 400;\">\n","protected":false},"excerpt":{"rendered":"<p><img loading=\"lazy\" decoding=\"async\" class=\"alignnone size-medium wp-image-17377\" src=\"https:\/\/p-art.design\/wp-content\/uploads\/2024\/11\/tempImageKcWA9O-300x263.jpg\" alt=\"\" width=\"300\" height=\"263\" srcset=\"https:\/\/p-art.design\/wp-content\/uploads\/2024\/11\/tempImageKcWA9O-300x263.jpg 300w, https:\/\/p-art.design\/wp-content\/uploads\/2024\/11\/tempImageKcWA9O-700x615.jpg 700w, https:\/\/p-art.design\/wp-content\/uploads\/2024\/11\/tempImageKcWA9O-768x674.jpg 768w, https:\/\/p-art.design\/wp-content\/uploads\/2024\/11\/tempImageKcWA9O-600x527.jpg 600w, https:\/\/p-art.design\/wp-content\/uploads\/2024\/11\/tempImageKcWA9O-1536x1349.jpg 1536w, https:\/\/p-art.design\/wp-content\/uploads\/2024\/11\/tempImageKcWA9O-2048x1799.jpg 2048w, https:\/\/p-art.design\/wp-content\/uploads\/2024\/11\/tempImageKcWA9O-68x60.jpg 68w, https:\/\/p-art.design\/wp-content\/uploads\/2024\/11\/tempImageKcWA9O-102x90.jpg 102w\" sizes=\"auto, (max-width: 300px) 100vw, 300px\" \/><\/p>\n","protected":false},"featured_media":17378,"comment_status":"closed","ping_status":"closed","template":"","meta":{"_exactmetrics_skip_tracking":false,"_exactmetrics_sitenote_active":false,"_exactmetrics_sitenote_note":"","_exactmetrics_sitenote_category":0},"product_brand":[],"product_cat":[133],"product_tag":[],"class_list":{"0":"post-17384","1":"product","2":"type-product","3":"status-publish","4":"has-post-thumbnail","6":"product_cat-bytove-doplnky","8":"first","9":"instock","10":"taxable","11":"shipping-taxable","12":"purchasable","13":"product-type-simple"},"acf":[],"jetpack_sharing_enabled":true,"_links":{"self":[{"href":"https:\/\/p-art.design\/index.php?rest_route=\/wp\/v2\/product\/17384","targetHints":{"allow":["GET"]}}],"collection":[{"href":"https:\/\/p-art.design\/index.php?rest_route=\/wp\/v2\/product"}],"about":[{"href":"https:\/\/p-art.design\/index.php?rest_route=\/wp\/v2\/types\/product"}],"replies":[{"embeddable":true,"href":"https:\/\/p-art.design\/index.php?rest_route=%2Fwp%2Fv2%2Fcomments&post=17384"}],"wp:featuredmedia":[{"embeddable":true,"href":"https:\/\/p-art.design\/index.php?rest_route=\/wp\/v2\/media\/17378"}],"wp:attachment":[{"href":"https:\/\/p-art.design\/index.php?rest_route=%2Fwp%2Fv2%2Fmedia&parent=17384"}],"wp:term":[{"taxonomy":"product_brand","embeddable":true,"href":"https:\/\/p-art.design\/index.php?rest_route=%2Fwp%2Fv2%2Fproduct_brand&post=17384"},{"taxonomy":"product_cat","embeddable":true,"href":"https:\/\/p-art.design\/index.php?rest_route=%2Fwp%2Fv2%2Fproduct_cat&post=17384"},{"taxonomy":"product_tag","embeddable":true,"href":"https:\/\/p-art.design\/index.php?rest_route=%2Fwp%2Fv2%2Fproduct_tag&post=17384"}],"curies":[{"name":"wp","href":"https:\/\/api.w.org\/{rel}","templated":true}]}}