{"id":17325,"date":"2024-09-11T18:26:52","date_gmt":"2024-09-11T16:26:52","guid":{"rendered":"https:\/\/p-art.design\/?post_type=product&#038;p=17325"},"modified":"2024-11-19T18:10:16","modified_gmt":"2024-11-19T17:10:16","slug":"saty-kremove-s-puntiky","status":"publish","type":"product","link":"https:\/\/p-art.design\/?product=saty-kremove-s-puntiky","title":{"rendered":"\u0160aty kr\u00e9mov\u00e9 s punt\u00edky"},"content":{"rendered":"<p>Elegantn\u00ed \u0161aty ze vzdu\u0161n\u00e9ho materi\u00e1lu, kter\u00e9 lehce prosv\u00edtaj\u00ed, vhodn\u00e9 pro letn\u00ed hork\u00e9 dny.<\/p>\n<p>S klobou\u010dkem na proch\u00e1zku pl\u00e1\u017eovou promen\u00e1dou, na pl\u00e1\u017e, na plavky, k vod\u011b i na ve\u010dern\u00ed koktejl.<\/p>\n<p>&nbsp;<\/p>\n<p>Lze pr\u00e1t na 60 st.<\/p>\n","protected":false},"excerpt":{"rendered":"<p>Velikost 36 a\u017e 44<\/p>\n","protected":false},"featured_media":17326,"comment_status":"closed","ping_status":"closed","template":"","meta":{"_exactmetrics_skip_tracking":false,"_exactmetrics_sitenote_active":false,"_exactmetrics_sitenote_note":"","_exactmetrics_sitenote_category":0},"product_brand":[],"product_cat":[108,94,129],"product_tag":[],"class_list":{"0":"post-17325","1":"product","2":"type-product","3":"status-publish","4":"has-post-thumbnail","6":"product_cat-zeny","7":"product_cat-sakura_style","8":"product_cat-saty-zeny","10":"first","11":"instock","12":"taxable","13":"shipping-taxable","14":"purchasable","15":"product-type-simple"},"acf":[],"jetpack_sharing_enabled":true,"_links":{"self":[{"href":"https:\/\/p-art.design\/index.php?rest_route=\/wp\/v2\/product\/17325","targetHints":{"allow":["GET"]}}],"collection":[{"href":"https:\/\/p-art.design\/index.php?rest_route=\/wp\/v2\/product"}],"about":[{"href":"https:\/\/p-art.design\/index.php?rest_route=\/wp\/v2\/types\/product"}],"replies":[{"embeddable":true,"href":"https:\/\/p-art.design\/index.php?rest_route=%2Fwp%2Fv2%2Fcomments&post=17325"}],"wp:featuredmedia":[{"embeddable":true,"href":"https:\/\/p-art.design\/index.php?rest_route=\/wp\/v2\/media\/17326"}],"wp:attachment":[{"href":"https:\/\/p-art.design\/index.php?rest_route=%2Fwp%2Fv2%2Fmedia&parent=17325"}],"wp:term":[{"taxonomy":"product_brand","embeddable":true,"href":"https:\/\/p-art.design\/index.php?rest_route=%2Fwp%2Fv2%2Fproduct_brand&post=17325"},{"taxonomy":"product_cat","embeddable":true,"href":"https:\/\/p-art.design\/index.php?rest_route=%2Fwp%2Fv2%2Fproduct_cat&post=17325"},{"taxonomy":"product_tag","embeddable":true,"href":"https:\/\/p-art.design\/index.php?rest_route=%2Fwp%2Fv2%2Fproduct_tag&post=17325"}],"curies":[{"name":"wp","href":"https:\/\/api.w.org\/{rel}","templated":true}]}}