{"id":17308,"date":"2024-04-11T21:10:07","date_gmt":"2024-04-11T19:10:07","guid":{"rendered":"https:\/\/p-art.design\/?post_type=product&#038;p=17308"},"modified":"2024-09-11T18:20:29","modified_gmt":"2024-09-11T16:20:29","slug":"obraz-mandelbrotova-mnozina","status":"publish","type":"product","link":"https:\/\/p-art.design\/?product=obraz-mandelbrotova-mnozina","title":{"rendered":"OBRAZ &#8211; Mandelbrotova mno\u017eina"},"content":{"rendered":"<p>Obraz je origin\u00e1l o velikosti 40 x 50 cm.<\/p>\n<p>Pl\u00e1tno je ji\u017e nata\u017een\u00e9, sta\u010d\u00ed pov\u011bsit na ze\u010f.<\/p>\n","protected":false},"excerpt":{"rendered":"<p>Obraz je origin\u00e1l o velikosti 40 x 50 cm. Pl\u00e1tno je ji\u017e nata\u017een\u00e9, sta\u010d\u00ed pov\u011bsit na ze\u010f.<\/p>\n","protected":false},"featured_media":17309,"comment_status":"closed","ping_status":"closed","template":"","meta":{"_exactmetrics_skip_tracking":false,"_exactmetrics_sitenote_active":false,"_exactmetrics_sitenote_note":"","_exactmetrics_sitenote_category":0},"product_brand":[],"product_cat":[24],"product_tag":[],"class_list":{"0":"post-17308","1":"product","2":"type-product","3":"status-publish","4":"has-post-thumbnail","6":"product_cat-obrazy","8":"first","9":"instock","10":"taxable","11":"shipping-taxable","12":"purchasable","13":"product-type-simple"},"acf":[],"jetpack_sharing_enabled":true,"_links":{"self":[{"href":"https:\/\/p-art.design\/index.php?rest_route=\/wp\/v2\/product\/17308","targetHints":{"allow":["GET"]}}],"collection":[{"href":"https:\/\/p-art.design\/index.php?rest_route=\/wp\/v2\/product"}],"about":[{"href":"https:\/\/p-art.design\/index.php?rest_route=\/wp\/v2\/types\/product"}],"replies":[{"embeddable":true,"href":"https:\/\/p-art.design\/index.php?rest_route=%2Fwp%2Fv2%2Fcomments&post=17308"}],"wp:featuredmedia":[{"embeddable":true,"href":"https:\/\/p-art.design\/index.php?rest_route=\/wp\/v2\/media\/17309"}],"wp:attachment":[{"href":"https:\/\/p-art.design\/index.php?rest_route=%2Fwp%2Fv2%2Fmedia&parent=17308"}],"wp:term":[{"taxonomy":"product_brand","embeddable":true,"href":"https:\/\/p-art.design\/index.php?rest_route=%2Fwp%2Fv2%2Fproduct_brand&post=17308"},{"taxonomy":"product_cat","embeddable":true,"href":"https:\/\/p-art.design\/index.php?rest_route=%2Fwp%2Fv2%2Fproduct_cat&post=17308"},{"taxonomy":"product_tag","embeddable":true,"href":"https:\/\/p-art.design\/index.php?rest_route=%2Fwp%2Fv2%2Fproduct_tag&post=17308"}],"curies":[{"name":"wp","href":"https:\/\/api.w.org\/{rel}","templated":true}]}}