{"id":17301,"date":"2024-04-11T20:49:32","date_gmt":"2024-04-11T18:49:32","guid":{"rendered":"https:\/\/p-art.design\/?post_type=product&#038;p=17301"},"modified":"2024-09-11T18:19:57","modified_gmt":"2024-09-11T16:19:57","slug":"obraz-lobotomie","status":"publish","type":"product","link":"https:\/\/p-art.design\/?product=obraz-lobotomie","title":{"rendered":"OBRAZ &#8211; Lobotomie"},"content":{"rendered":"<p>Obraz o celkov\u00e9 velikosti 50 x 70 cm.<\/p>\n<p>Pl\u00e1tno je ji\u017e nata\u017een\u00e9, sta\u010d\u00ed jen pov\u011bsit na ze\u010f!<\/p>\n<p>Origin\u00e1l!<\/p>\n","protected":false},"excerpt":{"rendered":"<p>Obraz o celkov\u00e9 velikosti 50 x 70 cm. Pl\u00e1tno je ji\u017e nata\u017een\u00e9, sta\u010d\u00ed jen pov\u011bsit na ze\u010f! Origin\u00e1l!<\/p>\n","protected":false},"featured_media":17304,"comment_status":"closed","ping_status":"closed","template":"","meta":{"_exactmetrics_skip_tracking":false,"_exactmetrics_sitenote_active":false,"_exactmetrics_sitenote_note":"","_exactmetrics_sitenote_category":0},"product_brand":[],"product_cat":[24],"product_tag":[],"class_list":{"0":"post-17301","1":"product","2":"type-product","3":"status-publish","4":"has-post-thumbnail","6":"product_cat-obrazy","8":"first","9":"instock","10":"taxable","11":"shipping-taxable","12":"purchasable","13":"product-type-simple"},"acf":[],"jetpack_sharing_enabled":true,"_links":{"self":[{"href":"https:\/\/p-art.design\/index.php?rest_route=\/wp\/v2\/product\/17301","targetHints":{"allow":["GET"]}}],"collection":[{"href":"https:\/\/p-art.design\/index.php?rest_route=\/wp\/v2\/product"}],"about":[{"href":"https:\/\/p-art.design\/index.php?rest_route=\/wp\/v2\/types\/product"}],"replies":[{"embeddable":true,"href":"https:\/\/p-art.design\/index.php?rest_route=%2Fwp%2Fv2%2Fcomments&post=17301"}],"wp:featuredmedia":[{"embeddable":true,"href":"https:\/\/p-art.design\/index.php?rest_route=\/wp\/v2\/media\/17304"}],"wp:attachment":[{"href":"https:\/\/p-art.design\/index.php?rest_route=%2Fwp%2Fv2%2Fmedia&parent=17301"}],"wp:term":[{"taxonomy":"product_brand","embeddable":true,"href":"https:\/\/p-art.design\/index.php?rest_route=%2Fwp%2Fv2%2Fproduct_brand&post=17301"},{"taxonomy":"product_cat","embeddable":true,"href":"https:\/\/p-art.design\/index.php?rest_route=%2Fwp%2Fv2%2Fproduct_cat&post=17301"},{"taxonomy":"product_tag","embeddable":true,"href":"https:\/\/p-art.design\/index.php?rest_route=%2Fwp%2Fv2%2Fproduct_tag&post=17301"}],"curies":[{"name":"wp","href":"https:\/\/api.w.org\/{rel}","templated":true}]}}