{"id":17162,"date":"2022-01-22T00:05:30","date_gmt":"2022-01-21T23:05:30","guid":{"rendered":"https:\/\/p-art.design\/?post_type=product&#038;p=17162"},"modified":"2022-01-22T00:48:29","modified_gmt":"2022-01-21T23:48:29","slug":"17162","status":"publish","type":"product","link":"https:\/\/p-art.design\/?product=17162","title":{"rendered":"SUKN\u011a baroko, vel. 38\/40"},"content":{"rendered":"<p>Elegantn\u00ed sukn\u011b z \u0161edozelen\u00e9ho poti\u0161t\u011bn\u00e9ho um\u011bl\u00e9ho hedv\u00e1b\u00ed. Motiv baroko.V pase 9 cm \u0161irok\u00e1 guma. Pas m\u00e1 v nenata\u017een\u00e9m stavu 78 cm a lze nat\u00e1hnout a\u017e na 88 cm. Lze nosit do pasu, m\u00edrn\u011b pod i na boc\u00edch, tak jak m\u00e1te r\u00e1dy. <\/p>\n<p>Kombinovat lze s trikem, halenkou, svetrem.<\/p>\n<p>100 % polyester (um\u011bl\u00e9 hedv\u00e1b\u00ed)<\/p>\n<p>Pr\u00e1n\u00ed v ruce, 30 st. C<br \/>\n\u017dehlit na stupe\u0148 1<\/p>\n","protected":false},"excerpt":{"rendered":"<p>Vel. M (38-40)<br \/>\nD\u00edv\u010d\u00ed velikost 170<\/p>\n<p>Pas: 78 cm (nat\u00e1hnout lze na 88 cm)<br \/>\nD\u00e9lka: 56 cm (v\u010d. gumy)<br \/>\nV\u00fd\u0161ka gumy: 9 cm<\/p>\n","protected":false},"featured_media":17166,"comment_status":"open","ping_status":"closed","template":"","meta":{"_exactmetrics_skip_tracking":false,"_exactmetrics_sitenote_active":false,"_exactmetrics_sitenote_note":"","_exactmetrics_sitenote_category":0},"product_brand":[],"product_cat":[108,94,123],"product_tag":[],"class_list":{"0":"post-17162","1":"product","2":"type-product","3":"status-publish","4":"has-post-thumbnail","6":"product_cat-zeny","7":"product_cat-sakura_style","8":"product_cat-sukne","10":"first","11":"instock","12":"taxable","13":"shipping-taxable","14":"purchasable","15":"product-type-simple"},"acf":[],"jetpack_sharing_enabled":true,"_links":{"self":[{"href":"https:\/\/p-art.design\/index.php?rest_route=\/wp\/v2\/product\/17162","targetHints":{"allow":["GET"]}}],"collection":[{"href":"https:\/\/p-art.design\/index.php?rest_route=\/wp\/v2\/product"}],"about":[{"href":"https:\/\/p-art.design\/index.php?rest_route=\/wp\/v2\/types\/product"}],"replies":[{"embeddable":true,"href":"https:\/\/p-art.design\/index.php?rest_route=%2Fwp%2Fv2%2Fcomments&post=17162"}],"wp:featuredmedia":[{"embeddable":true,"href":"https:\/\/p-art.design\/index.php?rest_route=\/wp\/v2\/media\/17166"}],"wp:attachment":[{"href":"https:\/\/p-art.design\/index.php?rest_route=%2Fwp%2Fv2%2Fmedia&parent=17162"}],"wp:term":[{"taxonomy":"product_brand","embeddable":true,"href":"https:\/\/p-art.design\/index.php?rest_route=%2Fwp%2Fv2%2Fproduct_brand&post=17162"},{"taxonomy":"product_cat","embeddable":true,"href":"https:\/\/p-art.design\/index.php?rest_route=%2Fwp%2Fv2%2Fproduct_cat&post=17162"},{"taxonomy":"product_tag","embeddable":true,"href":"https:\/\/p-art.design\/index.php?rest_route=%2Fwp%2Fv2%2Fproduct_tag&post=17162"}],"curies":[{"name":"wp","href":"https:\/\/api.w.org\/{rel}","templated":true}]}}