{"id":17159,"date":"2022-01-21T19:40:45","date_gmt":"2022-01-21T18:40:45","guid":{"rendered":"https:\/\/p-art.design\/?post_type=product&#038;p=17159"},"modified":"2024-07-19T13:33:59","modified_gmt":"2024-07-19T11:33:59","slug":"halenka-s-puntiky-vel-152","status":"publish","type":"product","link":"https:\/\/p-art.design\/?product=halenka-s-puntiky-vel-152","title":{"rendered":"HALENKA s punt\u00edky vel. 152"},"content":{"rendered":"<p>Elegantn\u00ed halenka z punt\u00edkat\u00e9 viskozy, na ram\u00ednka. K sukni, kra\u0165as\u016fm i kalhot\u00e1m. Vhodn\u00e1 na letn\u00ed spole\u010densk\u00e9 akce.<\/p>\n<p>Slo\u017een\u00ed: 100% vizk\u00f3za<\/p>\n<p>\u017dehlit na 2 stupe\u0148<br \/>\nPr\u00e1t na 30 st. C<\/p>\n","protected":false},"excerpt":{"rendered":"<p>Velikost 152<\/p>\n<p>D\u00e9lka: 47 cm<br \/>\n\u0160\u00ed\u0159ka: 36 cm (v\u0161it\u00e1 guma, lze nat\u00e1hnout ide\u00e1ln\u011b do 40 cm)<\/p>\n","protected":false},"featured_media":17160,"comment_status":"open","ping_status":"closed","template":"","meta":{"_exactmetrics_skip_tracking":false,"_exactmetrics_sitenote_active":false,"_exactmetrics_sitenote_note":"","_exactmetrics_sitenote_category":0},"product_brand":[],"product_cat":[89,103],"product_tag":[],"class_list":{"0":"post-17159","1":"product","2":"type-product","3":"status-publish","4":"has-post-thumbnail","6":"product_cat-divky","7":"product_cat-trika","9":"first","10":"instock","11":"taxable","12":"shipping-taxable","13":"purchasable","14":"product-type-simple"},"acf":[],"jetpack_sharing_enabled":true,"_links":{"self":[{"href":"https:\/\/p-art.design\/index.php?rest_route=\/wp\/v2\/product\/17159","targetHints":{"allow":["GET"]}}],"collection":[{"href":"https:\/\/p-art.design\/index.php?rest_route=\/wp\/v2\/product"}],"about":[{"href":"https:\/\/p-art.design\/index.php?rest_route=\/wp\/v2\/types\/product"}],"replies":[{"embeddable":true,"href":"https:\/\/p-art.design\/index.php?rest_route=%2Fwp%2Fv2%2Fcomments&post=17159"}],"wp:featuredmedia":[{"embeddable":true,"href":"https:\/\/p-art.design\/index.php?rest_route=\/wp\/v2\/media\/17160"}],"wp:attachment":[{"href":"https:\/\/p-art.design\/index.php?rest_route=%2Fwp%2Fv2%2Fmedia&parent=17159"}],"wp:term":[{"taxonomy":"product_brand","embeddable":true,"href":"https:\/\/p-art.design\/index.php?rest_route=%2Fwp%2Fv2%2Fproduct_brand&post=17159"},{"taxonomy":"product_cat","embeddable":true,"href":"https:\/\/p-art.design\/index.php?rest_route=%2Fwp%2Fv2%2Fproduct_cat&post=17159"},{"taxonomy":"product_tag","embeddable":true,"href":"https:\/\/p-art.design\/index.php?rest_route=%2Fwp%2Fv2%2Fproduct_tag&post=17159"}],"curies":[{"name":"wp","href":"https:\/\/api.w.org\/{rel}","templated":true}]}}