{"id":17157,"date":"2022-01-21T18:14:15","date_gmt":"2022-01-21T17:14:15","guid":{"rendered":"https:\/\/p-art.design\/?post_type=product&#038;p=17157"},"modified":"2022-01-21T18:46:15","modified_gmt":"2022-01-21T17:46:15","slug":"17157","status":"publish","type":"product","link":"https:\/\/p-art.design\/?product=17157","title":{"rendered":"SUKN\u011a \u010dern\u00e1, vel. M (38-40)"},"content":{"rendered":"<p>Sukn\u011b z \u010dern\u00e9ho plastick\u00e9ho \u00fapletu. V pase 5 cm \u0161irok\u00e1 guma. Lze nosit do pasu i na boc\u00edch, tak jak m\u00e1te r\u00e1dy.<\/p>\n<p>Kombinovat lze s trikem, halenkou, mikinou, svetrem, hod\u00ed se ke kter\u00e9mukoliv stylu.<\/p>\n<p>95 % polyester<br \/>\n5 % lycra<\/p>\n<p>Pr\u00e1t do 40 st. C<br \/>\nNe\u017eehl\u00ed se<\/p>\n","protected":false},"excerpt":{"rendered":"<p>Vel. M (38-40)<br \/>\nD\u00edv\u010d\u00ed velikost 170<\/p>\n<p>Pas:   70 &#8211; 80 cm<br \/>\nD\u00e9lka: 47 cm<\/p>\n","protected":false},"featured_media":17158,"comment_status":"open","ping_status":"closed","template":"","meta":{"_exactmetrics_skip_tracking":false,"_exactmetrics_sitenote_active":false,"_exactmetrics_sitenote_note":"","_exactmetrics_sitenote_category":0},"product_brand":[],"product_cat":[108,123],"product_tag":[],"class_list":{"0":"post-17157","1":"product","2":"type-product","3":"status-publish","4":"has-post-thumbnail","6":"product_cat-zeny","7":"product_cat-sukne","9":"first","10":"instock","11":"taxable","12":"shipping-taxable","13":"purchasable","14":"product-type-simple"},"acf":[],"jetpack_sharing_enabled":true,"_links":{"self":[{"href":"https:\/\/p-art.design\/index.php?rest_route=\/wp\/v2\/product\/17157","targetHints":{"allow":["GET"]}}],"collection":[{"href":"https:\/\/p-art.design\/index.php?rest_route=\/wp\/v2\/product"}],"about":[{"href":"https:\/\/p-art.design\/index.php?rest_route=\/wp\/v2\/types\/product"}],"replies":[{"embeddable":true,"href":"https:\/\/p-art.design\/index.php?rest_route=%2Fwp%2Fv2%2Fcomments&post=17157"}],"wp:featuredmedia":[{"embeddable":true,"href":"https:\/\/p-art.design\/index.php?rest_route=\/wp\/v2\/media\/17158"}],"wp:attachment":[{"href":"https:\/\/p-art.design\/index.php?rest_route=%2Fwp%2Fv2%2Fmedia&parent=17157"}],"wp:term":[{"taxonomy":"product_brand","embeddable":true,"href":"https:\/\/p-art.design\/index.php?rest_route=%2Fwp%2Fv2%2Fproduct_brand&post=17157"},{"taxonomy":"product_cat","embeddable":true,"href":"https:\/\/p-art.design\/index.php?rest_route=%2Fwp%2Fv2%2Fproduct_cat&post=17157"},{"taxonomy":"product_tag","embeddable":true,"href":"https:\/\/p-art.design\/index.php?rest_route=%2Fwp%2Fv2%2Fproduct_tag&post=17157"}],"curies":[{"name":"wp","href":"https:\/\/api.w.org\/{rel}","templated":true}]}}