{"id":17151,"date":"2022-01-20T19:17:20","date_gmt":"2022-01-20T18:17:20","guid":{"rendered":"https:\/\/p-art.design\/?post_type=product&#038;p=17151"},"modified":"2024-06-05T17:16:04","modified_gmt":"2024-06-05T15:16:04","slug":"mikina-cerna-vel-158","status":"publish","type":"product","link":"https:\/\/p-art.design\/?product=mikina-cerna-vel-158","title":{"rendered":"MIKINA \u010dern\u00e1 vel. 158"},"content":{"rendered":"<p>Mikina z \u010dern\u00e9ho \u00fapletu, vhodn\u00e9 na t\u011blocvik do \u0161koly, na h\u0159i\u0161t\u011b i na doma.<br \/>\nKombinovat lze s tepl\u00e1ky, kter= jsou tak\u00e9 v nab\u00eddce.<\/p>\n<p>95 % polyester<br \/>\n5 % lycra<\/p>\n<p>Pr\u00e1t do 40 st. C<br \/>\nNe\u017eehl\u00ed se<\/p>\n","protected":false},"excerpt":{"rendered":"<p>Vel. 158<\/p>\n<p>\u0160\u00ed\u0159ka: 46 cm<br \/>\nD\u00e9lka: 56 cm<br \/>\nRuk\u00e1v: 55 cm<\/p>\n","protected":false},"featured_media":17152,"comment_status":"open","ping_status":"closed","template":"","meta":{"_exactmetrics_skip_tracking":false,"_exactmetrics_sitenote_active":false,"_exactmetrics_sitenote_note":"","_exactmetrics_sitenote_category":0},"product_brand":[],"product_cat":[89,104],"product_tag":[],"class_list":{"0":"post-17151","1":"product","2":"type-product","3":"status-publish","4":"has-post-thumbnail","6":"product_cat-divky","7":"product_cat-mikiny","9":"first","10":"instock","11":"taxable","12":"shipping-taxable","13":"purchasable","14":"product-type-simple"},"acf":[],"jetpack_sharing_enabled":true,"_links":{"self":[{"href":"https:\/\/p-art.design\/index.php?rest_route=\/wp\/v2\/product\/17151","targetHints":{"allow":["GET"]}}],"collection":[{"href":"https:\/\/p-art.design\/index.php?rest_route=\/wp\/v2\/product"}],"about":[{"href":"https:\/\/p-art.design\/index.php?rest_route=\/wp\/v2\/types\/product"}],"replies":[{"embeddable":true,"href":"https:\/\/p-art.design\/index.php?rest_route=%2Fwp%2Fv2%2Fcomments&post=17151"}],"wp:featuredmedia":[{"embeddable":true,"href":"https:\/\/p-art.design\/index.php?rest_route=\/wp\/v2\/media\/17152"}],"wp:attachment":[{"href":"https:\/\/p-art.design\/index.php?rest_route=%2Fwp%2Fv2%2Fmedia&parent=17151"}],"wp:term":[{"taxonomy":"product_brand","embeddable":true,"href":"https:\/\/p-art.design\/index.php?rest_route=%2Fwp%2Fv2%2Fproduct_brand&post=17151"},{"taxonomy":"product_cat","embeddable":true,"href":"https:\/\/p-art.design\/index.php?rest_route=%2Fwp%2Fv2%2Fproduct_cat&post=17151"},{"taxonomy":"product_tag","embeddable":true,"href":"https:\/\/p-art.design\/index.php?rest_route=%2Fwp%2Fv2%2Fproduct_tag&post=17151"}],"curies":[{"name":"wp","href":"https:\/\/api.w.org\/{rel}","templated":true}]}}