{"id":17088,"date":"2022-01-16T22:36:32","date_gmt":"2022-01-16T21:36:32","guid":{"rendered":"https:\/\/p-art.design\/?post_type=product&#038;p=17088"},"modified":"2024-05-01T17:43:23","modified_gmt":"2024-05-01T15:43:23","slug":"teplaky-bokove-vel-158","status":"publish","type":"product","link":"https:\/\/p-art.design\/?product=teplaky-bokove-vel-158","title":{"rendered":"Tepl\u00e1ky bokov\u00e9 vel. 158"},"content":{"rendered":"<p>Bokov\u00e9 tepl\u00e1ky typu &#8222;har\u00e9mky&#8220;, z \u010dern\u00e9ho plastick\u00e9ho \u00fapletu. Materi\u00e1l se nema\u010dk\u00e1. Jedny z nejlep\u0161\u00edch a nejpohodln\u011bj\u0161\u00edch tepl\u00e1k\u016f, kter\u00e9 zn\u00e1m, m\u00e1m je tak\u00e9 a nos\u00edm je t\u00e9m\u011b\u0159 denn\u011b.<\/p>\n<p>95 % polyester<br \/>\n5 % lycra<\/p>\n<p>Pr\u00e1t do 40 st. C<br \/>\nNe\u017eehl\u00ed se<\/p>\n","protected":false},"excerpt":{"rendered":"<p>Velikost 158<\/p>\n<p>Pas: 66 cm<br \/>\nD\u00e9lka: 92 cm<\/p>\n","protected":false},"featured_media":17090,"comment_status":"open","ping_status":"closed","template":"","meta":{"_exactmetrics_skip_tracking":false,"_exactmetrics_sitenote_active":false,"_exactmetrics_sitenote_note":"","_exactmetrics_sitenote_category":0},"product_brand":[],"product_cat":[89,105,94],"product_tag":[],"class_list":{"0":"post-17088","1":"product","2":"type-product","3":"status-publish","4":"has-post-thumbnail","6":"product_cat-divky","7":"product_cat-kratasy","8":"product_cat-sakura_style","10":"first","11":"instock","12":"taxable","13":"shipping-taxable","14":"purchasable","15":"product-type-simple"},"acf":[],"jetpack_sharing_enabled":true,"_links":{"self":[{"href":"https:\/\/p-art.design\/index.php?rest_route=\/wp\/v2\/product\/17088","targetHints":{"allow":["GET"]}}],"collection":[{"href":"https:\/\/p-art.design\/index.php?rest_route=\/wp\/v2\/product"}],"about":[{"href":"https:\/\/p-art.design\/index.php?rest_route=\/wp\/v2\/types\/product"}],"replies":[{"embeddable":true,"href":"https:\/\/p-art.design\/index.php?rest_route=%2Fwp%2Fv2%2Fcomments&post=17088"}],"wp:featuredmedia":[{"embeddable":true,"href":"https:\/\/p-art.design\/index.php?rest_route=\/wp\/v2\/media\/17090"}],"wp:attachment":[{"href":"https:\/\/p-art.design\/index.php?rest_route=%2Fwp%2Fv2%2Fmedia&parent=17088"}],"wp:term":[{"taxonomy":"product_brand","embeddable":true,"href":"https:\/\/p-art.design\/index.php?rest_route=%2Fwp%2Fv2%2Fproduct_brand&post=17088"},{"taxonomy":"product_cat","embeddable":true,"href":"https:\/\/p-art.design\/index.php?rest_route=%2Fwp%2Fv2%2Fproduct_cat&post=17088"},{"taxonomy":"product_tag","embeddable":true,"href":"https:\/\/p-art.design\/index.php?rest_route=%2Fwp%2Fv2%2Fproduct_tag&post=17088"}],"curies":[{"name":"wp","href":"https:\/\/api.w.org\/{rel}","templated":true}]}}