{"id":17085,"date":"2022-01-16T18:45:10","date_gmt":"2022-01-16T17:45:10","guid":{"rendered":"https:\/\/p-art.design\/?post_type=product&#038;p=17085"},"modified":"2024-06-19T19:37:41","modified_gmt":"2024-06-19T17:37:41","slug":"halenka-krajkova","status":"publish","type":"product","link":"https:\/\/p-art.design\/?product=halenka-krajkova","title":{"rendered":"HALENKA krajkov\u00e1 vel. 152"},"content":{"rendered":"<p>HALENKA z \u010dern\u00e9 nepru\u017en\u00e9 krajky pro slavnostn\u00ed p\u0159\u00edle\u017eitosti.<br \/>\nKombinovat lze s kr\u00e9mov\u00fdm t\u00edlkem, kr\u00e9movou sukn\u00ed a kr\u00e9mov\u00fdm svet\u0159\u00edkem z nab\u00eddky.<\/p>\n<p>Slo\u017een\u00ed: 100% polyester<\/p>\n<p>\u017dehlit na stupe\u0148 1<br \/>\nPr\u00e1t na 30 st. C<\/p>\n","protected":false},"excerpt":{"rendered":"<p>Velikost 152<\/p>\n<p>\u0160\u00ed\u0159ka: 47 cm<br \/>\nD\u00e9lka: 52 cm<\/p>\n","protected":false},"featured_media":17086,"comment_status":"open","ping_status":"closed","template":"","meta":{"_exactmetrics_skip_tracking":false,"_exactmetrics_sitenote_active":false,"_exactmetrics_sitenote_note":"","_exactmetrics_sitenote_category":0},"product_brand":[],"product_cat":[89,103,94],"product_tag":[],"class_list":{"0":"post-17085","1":"product","2":"type-product","3":"status-publish","4":"has-post-thumbnail","6":"product_cat-divky","7":"product_cat-trika","8":"product_cat-sakura_style","10":"first","11":"instock","12":"taxable","13":"shipping-taxable","14":"purchasable","15":"product-type-simple"},"acf":[],"jetpack_sharing_enabled":true,"_links":{"self":[{"href":"https:\/\/p-art.design\/index.php?rest_route=\/wp\/v2\/product\/17085","targetHints":{"allow":["GET"]}}],"collection":[{"href":"https:\/\/p-art.design\/index.php?rest_route=\/wp\/v2\/product"}],"about":[{"href":"https:\/\/p-art.design\/index.php?rest_route=\/wp\/v2\/types\/product"}],"replies":[{"embeddable":true,"href":"https:\/\/p-art.design\/index.php?rest_route=%2Fwp%2Fv2%2Fcomments&post=17085"}],"wp:featuredmedia":[{"embeddable":true,"href":"https:\/\/p-art.design\/index.php?rest_route=\/wp\/v2\/media\/17086"}],"wp:attachment":[{"href":"https:\/\/p-art.design\/index.php?rest_route=%2Fwp%2Fv2%2Fmedia&parent=17085"}],"wp:term":[{"taxonomy":"product_brand","embeddable":true,"href":"https:\/\/p-art.design\/index.php?rest_route=%2Fwp%2Fv2%2Fproduct_brand&post=17085"},{"taxonomy":"product_cat","embeddable":true,"href":"https:\/\/p-art.design\/index.php?rest_route=%2Fwp%2Fv2%2Fproduct_cat&post=17085"},{"taxonomy":"product_tag","embeddable":true,"href":"https:\/\/p-art.design\/index.php?rest_route=%2Fwp%2Fv2%2Fproduct_tag&post=17085"}],"curies":[{"name":"wp","href":"https:\/\/api.w.org\/{rel}","templated":true}]}}