{"id":17082,"date":"2022-01-14T19:12:31","date_gmt":"2022-01-14T18:12:31","guid":{"rendered":"https:\/\/p-art.design\/?post_type=product&#038;p=17082"},"modified":"2024-06-13T15:17:23","modified_gmt":"2024-06-13T13:17:23","slug":"tilko-kremove-vel-152-158","status":"publish","type":"product","link":"https:\/\/p-art.design\/?product=tilko-kremove-vel-152-158","title":{"rendered":"T\u00edlko kr\u00e9mov\u00e9, vel. 152\/158"},"content":{"rendered":"<p>T\u00edlko kr\u00e9mov\u00e9 m\u00e1 sat\u00e9nov\u00e1 ram\u00ednka a romantick\u00e9 ma\u0161li\u010dky, se hod\u00ed pod \u010dernou krajkovou halenku, kr\u00e9mov\u00e9mu svetru a kr\u00e9mov\u00e9 sukni z nab\u00eddky.<\/p>\n<p>Slo\u017een\u00ed: 100 % polyester<\/p>\n<p>\u017dehlit na 1 stupe\u0148<br \/>\nPr\u00e1t do 30 st. C<\/p>\n","protected":false},"excerpt":{"rendered":"<p>Top b\u00edl\u00fd vel. 152\/158<\/p>\n<p>\u0160\u00ed\u0159ka: 38 cm<br \/>\nD\u00e9lka 49 cm<\/p>\n","protected":false},"featured_media":17083,"comment_status":"open","ping_status":"closed","template":"","meta":{"_exactmetrics_skip_tracking":false,"_exactmetrics_sitenote_active":false,"_exactmetrics_sitenote_note":"","_exactmetrics_sitenote_category":0},"product_brand":[],"product_cat":[89,94,121],"product_tag":[],"class_list":{"0":"post-17082","1":"product","2":"type-product","3":"status-publish","4":"has-post-thumbnail","6":"product_cat-divky","7":"product_cat-sakura_style","8":"product_cat-tilka-topy","10":"first","11":"instock","12":"taxable","13":"shipping-taxable","14":"purchasable","15":"product-type-simple"},"acf":[],"jetpack_sharing_enabled":true,"_links":{"self":[{"href":"https:\/\/p-art.design\/index.php?rest_route=\/wp\/v2\/product\/17082","targetHints":{"allow":["GET"]}}],"collection":[{"href":"https:\/\/p-art.design\/index.php?rest_route=\/wp\/v2\/product"}],"about":[{"href":"https:\/\/p-art.design\/index.php?rest_route=\/wp\/v2\/types\/product"}],"replies":[{"embeddable":true,"href":"https:\/\/p-art.design\/index.php?rest_route=%2Fwp%2Fv2%2Fcomments&post=17082"}],"wp:featuredmedia":[{"embeddable":true,"href":"https:\/\/p-art.design\/index.php?rest_route=\/wp\/v2\/media\/17083"}],"wp:attachment":[{"href":"https:\/\/p-art.design\/index.php?rest_route=%2Fwp%2Fv2%2Fmedia&parent=17082"}],"wp:term":[{"taxonomy":"product_brand","embeddable":true,"href":"https:\/\/p-art.design\/index.php?rest_route=%2Fwp%2Fv2%2Fproduct_brand&post=17082"},{"taxonomy":"product_cat","embeddable":true,"href":"https:\/\/p-art.design\/index.php?rest_route=%2Fwp%2Fv2%2Fproduct_cat&post=17082"},{"taxonomy":"product_tag","embeddable":true,"href":"https:\/\/p-art.design\/index.php?rest_route=%2Fwp%2Fv2%2Fproduct_tag&post=17082"}],"curies":[{"name":"wp","href":"https:\/\/api.w.org\/{rel}","templated":true}]}}