{"id":17077,"date":"2022-01-14T18:27:10","date_gmt":"2022-01-14T17:27:10","guid":{"rendered":"https:\/\/p-art.design\/?post_type=product&#038;p=17077"},"modified":"2024-06-13T15:17:54","modified_gmt":"2024-06-13T13:17:54","slug":"top-bily-vel-152-158","status":"publish","type":"product","link":"https:\/\/p-art.design\/?product=top-bily-vel-152-158","title":{"rendered":"Top b\u00edl\u00fd vel. 152\/158"},"content":{"rendered":"<p>B\u00edl\u00fd top, lze pou\u017e\u00edt jako top nebo tak\u00e9 jako t\u00edlko pod oble\u010den\u00ed, kardigan.<\/p>\n<p>Slo\u017een\u00ed: 90 % polyamid<br \/>\n10 % elasten<\/p>\n<p>\u017dehlit na 1 stupe\u0148<br \/>\nPr\u00e1t do 40 st. C<\/p>\n","protected":false},"excerpt":{"rendered":"<p>Top b\u00edl\u00fd vel. 152\/158<\/p>\n<p>\u0160\u00ed\u0159ka: 39 cm<br \/>\nD\u00e9lka 47 cm<\/p>\n","protected":false},"featured_media":17080,"comment_status":"open","ping_status":"closed","template":"","meta":{"_exactmetrics_skip_tracking":false,"_exactmetrics_sitenote_active":false,"_exactmetrics_sitenote_note":"","_exactmetrics_sitenote_category":0},"product_brand":[],"product_cat":[89,94,121],"product_tag":[],"class_list":{"0":"post-17077","1":"product","2":"type-product","3":"status-publish","4":"has-post-thumbnail","6":"product_cat-divky","7":"product_cat-sakura_style","8":"product_cat-tilka-topy","10":"first","11":"instock","12":"taxable","13":"shipping-taxable","14":"purchasable","15":"product-type-simple"},"acf":[],"jetpack_sharing_enabled":true,"_links":{"self":[{"href":"https:\/\/p-art.design\/index.php?rest_route=\/wp\/v2\/product\/17077","targetHints":{"allow":["GET"]}}],"collection":[{"href":"https:\/\/p-art.design\/index.php?rest_route=\/wp\/v2\/product"}],"about":[{"href":"https:\/\/p-art.design\/index.php?rest_route=\/wp\/v2\/types\/product"}],"replies":[{"embeddable":true,"href":"https:\/\/p-art.design\/index.php?rest_route=%2Fwp%2Fv2%2Fcomments&post=17077"}],"wp:featuredmedia":[{"embeddable":true,"href":"https:\/\/p-art.design\/index.php?rest_route=\/wp\/v2\/media\/17080"}],"wp:attachment":[{"href":"https:\/\/p-art.design\/index.php?rest_route=%2Fwp%2Fv2%2Fmedia&parent=17077"}],"wp:term":[{"taxonomy":"product_brand","embeddable":true,"href":"https:\/\/p-art.design\/index.php?rest_route=%2Fwp%2Fv2%2Fproduct_brand&post=17077"},{"taxonomy":"product_cat","embeddable":true,"href":"https:\/\/p-art.design\/index.php?rest_route=%2Fwp%2Fv2%2Fproduct_cat&post=17077"},{"taxonomy":"product_tag","embeddable":true,"href":"https:\/\/p-art.design\/index.php?rest_route=%2Fwp%2Fv2%2Fproduct_tag&post=17077"}],"curies":[{"name":"wp","href":"https:\/\/api.w.org\/{rel}","templated":true}]}}