{"id":17070,"date":"2022-01-09T00:14:00","date_gmt":"2022-01-08T23:14:00","guid":{"rendered":"https:\/\/p-art.design\/?post_type=product&#038;p=17070"},"modified":"2024-11-22T14:40:05","modified_gmt":"2024-11-22T13:40:05","slug":"17070","status":"publish","type":"product","link":"https:\/\/p-art.design\/?product=17070","title":{"rendered":"N\u00e1kr\u010dn\u00edk tmav\u011b r\u016f\u017eov\u00fd"},"content":{"rendered":"<p>N\u00e1kr\u010dn\u00edk ze tmav\u011b r\u016f\u017eov\u00e9ho pru\u017en\u00e9ho d\u011brovan\u00e9ho \u00fapletu.K n\u00e1kr\u010dn\u00edku je v nab\u00eddce tri\u010dko ze stejn\u00e9ho materi\u00e1lu.<\/p>\n<p>Slo\u017een\u00ed: 100 % bavlna<\/p>\n<p>Velikost 30 \u00d7 42 cm.<\/p>\n<p>Pr\u00e1t na 40 st. C<br \/>\n\u017dehlit na 2 stupe\u0148<\/p>\n","protected":false},"excerpt":{"rendered":"<p>Tmav\u011b r\u016f\u017eov\u00fd n\u00e1kr\u010dn\u00edk<\/p>\n","protected":false},"featured_media":17061,"comment_status":"open","ping_status":"closed","template":"","meta":{"_exactmetrics_skip_tracking":false,"_exactmetrics_sitenote_active":false,"_exactmetrics_sitenote_note":"","_exactmetrics_sitenote_category":0},"product_brand":[],"product_cat":[120,94],"product_tag":[],"class_list":{"0":"post-17070","1":"product","2":"type-product","3":"status-publish","4":"has-post-thumbnail","6":"product_cat-celenky-nakrcniky","7":"product_cat-sakura_style","9":"first","10":"instock","11":"taxable","12":"shipping-taxable","13":"purchasable","14":"product-type-simple"},"acf":[],"jetpack_sharing_enabled":true,"_links":{"self":[{"href":"https:\/\/p-art.design\/index.php?rest_route=\/wp\/v2\/product\/17070","targetHints":{"allow":["GET"]}}],"collection":[{"href":"https:\/\/p-art.design\/index.php?rest_route=\/wp\/v2\/product"}],"about":[{"href":"https:\/\/p-art.design\/index.php?rest_route=\/wp\/v2\/types\/product"}],"replies":[{"embeddable":true,"href":"https:\/\/p-art.design\/index.php?rest_route=%2Fwp%2Fv2%2Fcomments&post=17070"}],"wp:featuredmedia":[{"embeddable":true,"href":"https:\/\/p-art.design\/index.php?rest_route=\/wp\/v2\/media\/17061"}],"wp:attachment":[{"href":"https:\/\/p-art.design\/index.php?rest_route=%2Fwp%2Fv2%2Fmedia&parent=17070"}],"wp:term":[{"taxonomy":"product_brand","embeddable":true,"href":"https:\/\/p-art.design\/index.php?rest_route=%2Fwp%2Fv2%2Fproduct_brand&post=17070"},{"taxonomy":"product_cat","embeddable":true,"href":"https:\/\/p-art.design\/index.php?rest_route=%2Fwp%2Fv2%2Fproduct_cat&post=17070"},{"taxonomy":"product_tag","embeddable":true,"href":"https:\/\/p-art.design\/index.php?rest_route=%2Fwp%2Fv2%2Fproduct_tag&post=17070"}],"curies":[{"name":"wp","href":"https:\/\/api.w.org\/{rel}","templated":true}]}}