{"id":17069,"date":"2022-01-09T00:11:11","date_gmt":"2022-01-08T23:11:11","guid":{"rendered":"https:\/\/p-art.design\/?post_type=product&#038;p=17069"},"modified":"2024-11-22T14:40:14","modified_gmt":"2024-11-22T13:40:14","slug":"nakrcnik-svetle-ruzovy","status":"publish","type":"product","link":"https:\/\/p-art.design\/?product=nakrcnik-svetle-ruzovy","title":{"rendered":"N\u00e1kr\u010dn\u00edk sv\u011btle r\u016f\u017eov\u00fd"},"content":{"rendered":"<p>N\u00e1kr\u010dn\u00edk ze sv\u011btle r\u016f\u017eov\u00e9ho pru\u017en\u00e9ho d\u011brovan\u00e9ho \u00fapletu.K n\u00e1kr\u010dn\u00edku je v nab\u00eddce \u010delenka ze stejn\u00e9ho materi\u00e1lu.Lehk\u00fd materi\u00e1l pro letn\u00ed dny.<\/p>\n<p>Slo\u017een\u00ed: 100 % bavlna<\/p>\n<p>Velikost 24 \u00d7 37 cm.<\/p>\n<p>Pr\u00e1t na 40 st. C<br \/>\n\u017dehlit na 2 stupe\u0148<\/p>\n","protected":false},"excerpt":{"rendered":"<p>Sv\u011btle r\u016f\u017eov\u00fd n\u00e1kr\u010dn\u00edk<\/p>\n","protected":false},"featured_media":17061,"comment_status":"open","ping_status":"closed","template":"","meta":{"_exactmetrics_skip_tracking":false,"_exactmetrics_sitenote_active":false,"_exactmetrics_sitenote_note":"","_exactmetrics_sitenote_category":0},"product_brand":[],"product_cat":[120,17,94],"product_tag":[],"class_list":{"0":"post-17069","1":"product","2":"type-product","3":"status-publish","4":"has-post-thumbnail","6":"product_cat-celenky-nakrcniky","7":"product_cat-nezarazene","8":"product_cat-sakura_style","10":"first","11":"instock","12":"taxable","13":"shipping-taxable","14":"purchasable","15":"product-type-simple"},"acf":[],"jetpack_sharing_enabled":true,"_links":{"self":[{"href":"https:\/\/p-art.design\/index.php?rest_route=\/wp\/v2\/product\/17069","targetHints":{"allow":["GET"]}}],"collection":[{"href":"https:\/\/p-art.design\/index.php?rest_route=\/wp\/v2\/product"}],"about":[{"href":"https:\/\/p-art.design\/index.php?rest_route=\/wp\/v2\/types\/product"}],"replies":[{"embeddable":true,"href":"https:\/\/p-art.design\/index.php?rest_route=%2Fwp%2Fv2%2Fcomments&post=17069"}],"wp:featuredmedia":[{"embeddable":true,"href":"https:\/\/p-art.design\/index.php?rest_route=\/wp\/v2\/media\/17061"}],"wp:attachment":[{"href":"https:\/\/p-art.design\/index.php?rest_route=%2Fwp%2Fv2%2Fmedia&parent=17069"}],"wp:term":[{"taxonomy":"product_brand","embeddable":true,"href":"https:\/\/p-art.design\/index.php?rest_route=%2Fwp%2Fv2%2Fproduct_brand&post=17069"},{"taxonomy":"product_cat","embeddable":true,"href":"https:\/\/p-art.design\/index.php?rest_route=%2Fwp%2Fv2%2Fproduct_cat&post=17069"},{"taxonomy":"product_tag","embeddable":true,"href":"https:\/\/p-art.design\/index.php?rest_route=%2Fwp%2Fv2%2Fproduct_tag&post=17069"}],"curies":[{"name":"wp","href":"https:\/\/api.w.org\/{rel}","templated":true}]}}