{"id":17068,"date":"2022-01-09T00:03:15","date_gmt":"2022-01-08T23:03:15","guid":{"rendered":"https:\/\/p-art.design\/?post_type=product&#038;p=17068"},"modified":"2024-11-22T14:40:29","modified_gmt":"2024-11-22T13:40:29","slug":"celenka-smetanova","status":"publish","type":"product","link":"https:\/\/p-art.design\/?product=celenka-smetanova","title":{"rendered":"\u010celenka smetanov\u00e1"},"content":{"rendered":"<p>\u010celenka ze smetanov\u00e9ho fleecu. V nab\u00eddce svet\u0159\u00edk ze stejn\u00e9ho materi\u00e1lu.<\/p>\n<p>Slo\u017een\u00ed: 100 % polyester<\/p>\n<p>Velikost pro obvod hlavy cca 50 &#8211; 55 cm. \u0160\u00ed\u0159ka 10 cm.<\/p>\n<p>Pr\u00e1t do 40 st. C<br \/>\n\u017dehlit na 1 stupe\u0148<\/p>\n","protected":false},"excerpt":{"rendered":"<p>Smetanov\u00e1 \u010delenka<\/p>\n","protected":false},"featured_media":17067,"comment_status":"open","ping_status":"closed","template":"","meta":{"_exactmetrics_skip_tracking":false,"_exactmetrics_sitenote_active":false,"_exactmetrics_sitenote_note":"","_exactmetrics_sitenote_category":0},"product_brand":[],"product_cat":[120,94],"product_tag":[],"class_list":{"0":"post-17068","1":"product","2":"type-product","3":"status-publish","4":"has-post-thumbnail","6":"product_cat-celenky-nakrcniky","7":"product_cat-sakura_style","9":"first","10":"instock","11":"taxable","12":"shipping-taxable","13":"purchasable","14":"product-type-simple"},"acf":[],"jetpack_sharing_enabled":true,"_links":{"self":[{"href":"https:\/\/p-art.design\/index.php?rest_route=\/wp\/v2\/product\/17068","targetHints":{"allow":["GET"]}}],"collection":[{"href":"https:\/\/p-art.design\/index.php?rest_route=\/wp\/v2\/product"}],"about":[{"href":"https:\/\/p-art.design\/index.php?rest_route=\/wp\/v2\/types\/product"}],"replies":[{"embeddable":true,"href":"https:\/\/p-art.design\/index.php?rest_route=%2Fwp%2Fv2%2Fcomments&post=17068"}],"wp:featuredmedia":[{"embeddable":true,"href":"https:\/\/p-art.design\/index.php?rest_route=\/wp\/v2\/media\/17067"}],"wp:attachment":[{"href":"https:\/\/p-art.design\/index.php?rest_route=%2Fwp%2Fv2%2Fmedia&parent=17068"}],"wp:term":[{"taxonomy":"product_brand","embeddable":true,"href":"https:\/\/p-art.design\/index.php?rest_route=%2Fwp%2Fv2%2Fproduct_brand&post=17068"},{"taxonomy":"product_cat","embeddable":true,"href":"https:\/\/p-art.design\/index.php?rest_route=%2Fwp%2Fv2%2Fproduct_cat&post=17068"},{"taxonomy":"product_tag","embeddable":true,"href":"https:\/\/p-art.design\/index.php?rest_route=%2Fwp%2Fv2%2Fproduct_tag&post=17068"}],"curies":[{"name":"wp","href":"https:\/\/api.w.org\/{rel}","templated":true}]}}