{"id":17060,"date":"2022-01-08T23:11:18","date_gmt":"2022-01-08T22:11:18","guid":{"rendered":"https:\/\/p-art.design\/?post_type=product&#038;p=17060"},"modified":"2024-11-22T14:41:11","modified_gmt":"2024-11-22T13:41:11","slug":"celenka-cerna-s-ruzi","status":"publish","type":"product","link":"https:\/\/p-art.design\/?product=celenka-cerna-s-ruzi","title":{"rendered":"\u010celenka \u010dern\u00e1 s r\u016f\u017e\u00ed"},"content":{"rendered":"<p>\u010cern\u00e1 \u010delenka z pru\u017en\u00e9ho \u00fapletu, ozdoben\u00e1 r\u016f\u017eovou r\u016f\u017e\u00ed.<\/p>\n<p>Slo\u017een\u00ed: 96 % polyester<br \/>\n4 % elasten<\/p>\n<p>Velikost pro obvod hlavy cca 50 cm. \u0160\u00ed\u0159ka 5 cm.<\/p>\n<p>Pr\u00e1t na 30 st. C<br \/>\nNe\u017eehl\u00ed se<\/p>\n","protected":false},"excerpt":{"rendered":"<p>\u010cern\u00e1 \u010delenka a r\u016f\u017eovou r\u016f\u017e\u00ed<\/p>\n","protected":false},"featured_media":17061,"comment_status":"open","ping_status":"closed","template":"","meta":{"_exactmetrics_skip_tracking":false,"_exactmetrics_sitenote_active":false,"_exactmetrics_sitenote_note":"","_exactmetrics_sitenote_category":0},"product_brand":[],"product_cat":[120,94],"product_tag":[],"class_list":{"0":"post-17060","1":"product","2":"type-product","3":"status-publish","4":"has-post-thumbnail","6":"product_cat-celenky-nakrcniky","7":"product_cat-sakura_style","9":"first","10":"instock","11":"taxable","12":"shipping-taxable","13":"purchasable","14":"product-type-simple"},"acf":[],"jetpack_sharing_enabled":true,"_links":{"self":[{"href":"https:\/\/p-art.design\/index.php?rest_route=\/wp\/v2\/product\/17060","targetHints":{"allow":["GET"]}}],"collection":[{"href":"https:\/\/p-art.design\/index.php?rest_route=\/wp\/v2\/product"}],"about":[{"href":"https:\/\/p-art.design\/index.php?rest_route=\/wp\/v2\/types\/product"}],"replies":[{"embeddable":true,"href":"https:\/\/p-art.design\/index.php?rest_route=%2Fwp%2Fv2%2Fcomments&post=17060"}],"wp:featuredmedia":[{"embeddable":true,"href":"https:\/\/p-art.design\/index.php?rest_route=\/wp\/v2\/media\/17061"}],"wp:attachment":[{"href":"https:\/\/p-art.design\/index.php?rest_route=%2Fwp%2Fv2%2Fmedia&parent=17060"}],"wp:term":[{"taxonomy":"product_brand","embeddable":true,"href":"https:\/\/p-art.design\/index.php?rest_route=%2Fwp%2Fv2%2Fproduct_brand&post=17060"},{"taxonomy":"product_cat","embeddable":true,"href":"https:\/\/p-art.design\/index.php?rest_route=%2Fwp%2Fv2%2Fproduct_cat&post=17060"},{"taxonomy":"product_tag","embeddable":true,"href":"https:\/\/p-art.design\/index.php?rest_route=%2Fwp%2Fv2%2Fproduct_tag&post=17060"}],"curies":[{"name":"wp","href":"https:\/\/api.w.org\/{rel}","templated":true}]}}