{"id":17057,"date":"2022-01-06T19:00:07","date_gmt":"2022-01-06T18:00:07","guid":{"rendered":"https:\/\/p-art.design\/?post_type=product&#038;p=17057"},"modified":"2024-05-11T16:30:38","modified_gmt":"2024-05-11T14:30:38","slug":"sukne-tutu-146-152","status":"publish","type":"product","link":"https:\/\/p-art.design\/?product=sukne-tutu-146-152","title":{"rendered":"SUKN\u011a tutu 146\/152"},"content":{"rendered":"<p>Tutu sukn\u011b v barv\u011b slonov\u00e9 kosti m\u00e1 6 vrstev tylu. Pod\u0161\u00edvka a guma jsou barvy b\u00edl\u00e9.<\/p>\n<p>Slo\u017een\u00ed: tyl: 100% nylon<br \/>\npod\u0161\u00edvka: 100% polyester<br \/>\nb\u00edl\u00e1 guma 5 cm<\/p>\n<p>Ne\u017eehlit<br \/>\nPr\u00e1t na 30 st. C<\/p>\n","protected":false},"excerpt":{"rendered":"<p>Vel. 146-152<\/p>\n<p>Pas 66 cm<br \/>\nD\u00e9lka: 38 cm<\/p>\n","protected":false},"featured_media":17313,"comment_status":"open","ping_status":"closed","template":"","meta":{"_exactmetrics_skip_tracking":false,"_exactmetrics_sitenote_active":false,"_exactmetrics_sitenote_note":"","_exactmetrics_sitenote_category":0},"product_brand":[],"product_cat":[89,92],"product_tag":[],"class_list":{"0":"post-17057","1":"product","2":"type-product","3":"status-publish","4":"has-post-thumbnail","6":"product_cat-divky","7":"product_cat-sukne-divky","9":"first","10":"instock","11":"taxable","12":"shipping-taxable","13":"purchasable","14":"product-type-simple"},"acf":[],"jetpack_sharing_enabled":true,"_links":{"self":[{"href":"https:\/\/p-art.design\/index.php?rest_route=\/wp\/v2\/product\/17057","targetHints":{"allow":["GET"]}}],"collection":[{"href":"https:\/\/p-art.design\/index.php?rest_route=\/wp\/v2\/product"}],"about":[{"href":"https:\/\/p-art.design\/index.php?rest_route=\/wp\/v2\/types\/product"}],"replies":[{"embeddable":true,"href":"https:\/\/p-art.design\/index.php?rest_route=%2Fwp%2Fv2%2Fcomments&post=17057"}],"wp:featuredmedia":[{"embeddable":true,"href":"https:\/\/p-art.design\/index.php?rest_route=\/wp\/v2\/media\/17313"}],"wp:attachment":[{"href":"https:\/\/p-art.design\/index.php?rest_route=%2Fwp%2Fv2%2Fmedia&parent=17057"}],"wp:term":[{"taxonomy":"product_brand","embeddable":true,"href":"https:\/\/p-art.design\/index.php?rest_route=%2Fwp%2Fv2%2Fproduct_brand&post=17057"},{"taxonomy":"product_cat","embeddable":true,"href":"https:\/\/p-art.design\/index.php?rest_route=%2Fwp%2Fv2%2Fproduct_cat&post=17057"},{"taxonomy":"product_tag","embeddable":true,"href":"https:\/\/p-art.design\/index.php?rest_route=%2Fwp%2Fv2%2Fproduct_tag&post=17057"}],"curies":[{"name":"wp","href":"https:\/\/api.w.org\/{rel}","templated":true}]}}