{"id":16585,"date":"2021-12-16T22:58:34","date_gmt":"2021-12-16T21:58:34","guid":{"rendered":"https:\/\/p-art.design\/?post_type=product&#038;p=16585"},"modified":"2021-12-16T22:58:34","modified_gmt":"2021-12-16T21:58:34","slug":"saty-z-barevne-krajky-vel-140-146","status":"publish","type":"product","link":"https:\/\/p-art.design\/?product=saty-z-barevne-krajky-vel-140-146","title":{"rendered":"\u0160aty z barevn\u00e9 krajky vel.140\/146"},"content":{"rendered":"<p>\u0160aty pro slavnostn\u00ed p\u0159\u00edle\u017eitosti, s p\u00e1skem. P\u00e1sek lze pou\u017e\u00edt na sta\u017een\u00ed vlas\u016f. Elegantn\u00ed a spole\u010densk\u00e9.<\/p>\n<p>\u0160aty jsem \u0161ila pro dceru, kter\u00e1 je m\u011bla jednou na sob\u011b a pak n\u011bjak rychle vyrostla. Jsou tro\u0161ku nedokonal\u00e9 z vnit\u0159n\u00ed strany, proto tak n\u00edzk\u00e1 cena.<\/p>\n<p>Slo\u017een\u00ed: 95 % polyester, 5 % elasten<\/p>\n<p>Nema\u010dk\u00e1 se, ne\u017eehl\u00ed se<br \/>\nPr\u00e1t na 40 st. C<\/p>\n","protected":false},"excerpt":{"rendered":"<p>Vel. 140\/146<\/p>\n<p>\u0160\u00ed\u0159ka: 42 cm<br \/>\nD\u00e9lka: 80 cm<\/p>\n","protected":false},"featured_media":16586,"comment_status":"open","ping_status":"closed","template":"","meta":{"_exactmetrics_skip_tracking":false,"_exactmetrics_sitenote_active":false,"_exactmetrics_sitenote_note":"","_exactmetrics_sitenote_category":0},"product_brand":[],"product_cat":[89,94,107],"product_tag":[],"class_list":{"0":"post-16585","1":"product","2":"type-product","3":"status-publish","4":"has-post-thumbnail","6":"product_cat-divky","7":"product_cat-sakura_style","8":"product_cat-saty","10":"first","11":"instock","12":"taxable","13":"shipping-taxable","14":"purchasable","15":"product-type-simple"},"acf":[],"jetpack_sharing_enabled":true,"_links":{"self":[{"href":"https:\/\/p-art.design\/index.php?rest_route=\/wp\/v2\/product\/16585","targetHints":{"allow":["GET"]}}],"collection":[{"href":"https:\/\/p-art.design\/index.php?rest_route=\/wp\/v2\/product"}],"about":[{"href":"https:\/\/p-art.design\/index.php?rest_route=\/wp\/v2\/types\/product"}],"replies":[{"embeddable":true,"href":"https:\/\/p-art.design\/index.php?rest_route=%2Fwp%2Fv2%2Fcomments&post=16585"}],"wp:featuredmedia":[{"embeddable":true,"href":"https:\/\/p-art.design\/index.php?rest_route=\/wp\/v2\/media\/16586"}],"wp:attachment":[{"href":"https:\/\/p-art.design\/index.php?rest_route=%2Fwp%2Fv2%2Fmedia&parent=16585"}],"wp:term":[{"taxonomy":"product_brand","embeddable":true,"href":"https:\/\/p-art.design\/index.php?rest_route=%2Fwp%2Fv2%2Fproduct_brand&post=16585"},{"taxonomy":"product_cat","embeddable":true,"href":"https:\/\/p-art.design\/index.php?rest_route=%2Fwp%2Fv2%2Fproduct_cat&post=16585"},{"taxonomy":"product_tag","embeddable":true,"href":"https:\/\/p-art.design\/index.php?rest_route=%2Fwp%2Fv2%2Fproduct_tag&post=16585"}],"curies":[{"name":"wp","href":"https:\/\/api.w.org\/{rel}","templated":true}]}}