{"id":16549,"date":"2021-09-06T10:56:42","date_gmt":"2021-09-06T08:56:42","guid":{"rendered":"https:\/\/p-art.design\/?post_type=product&#038;p=16549"},"modified":"2024-11-21T20:24:28","modified_gmt":"2024-11-21T19:24:28","slug":"lampa-stolni-hvezdicky","status":"publish","type":"product","link":"https:\/\/p-art.design\/?product=lampa-stolni-hvezdicky","title":{"rendered":"Lampa stoln\u00ed hv\u011bzdi\u010dky"},"content":{"rendered":"<p>Lampa stoln\u00ed tmav\u011b \u0161ed\u00e1, zdoben\u00e1 fialov\u00fdmi a oran\u017eov\u00fdmi hv\u011bzdi\u010dkami.<\/p>\n","protected":false},"excerpt":{"rendered":"<p>V\u00fd\u0161ka 24,5 cm, pr\u016fm\u011br v nej\u0161ir\u0161\u00ed \u010d\u00e1sti 10 cm.<\/p>\n","protected":false},"featured_media":16550,"comment_status":"open","ping_status":"closed","template":"","meta":{"_exactmetrics_skip_tracking":false,"_exactmetrics_sitenote_active":false,"_exactmetrics_sitenote_note":"","_exactmetrics_sitenote_category":0},"product_brand":[],"product_cat":[20],"product_tag":[],"class_list":{"0":"post-16549","1":"product","2":"type-product","3":"status-publish","4":"has-post-thumbnail","6":"product_cat-lampy-stolni","8":"first","9":"instock","10":"taxable","11":"shipping-taxable","12":"purchasable","13":"product-type-simple"},"acf":[],"jetpack_sharing_enabled":true,"_links":{"self":[{"href":"https:\/\/p-art.design\/index.php?rest_route=\/wp\/v2\/product\/16549","targetHints":{"allow":["GET"]}}],"collection":[{"href":"https:\/\/p-art.design\/index.php?rest_route=\/wp\/v2\/product"}],"about":[{"href":"https:\/\/p-art.design\/index.php?rest_route=\/wp\/v2\/types\/product"}],"replies":[{"embeddable":true,"href":"https:\/\/p-art.design\/index.php?rest_route=%2Fwp%2Fv2%2Fcomments&post=16549"}],"wp:featuredmedia":[{"embeddable":true,"href":"https:\/\/p-art.design\/index.php?rest_route=\/wp\/v2\/media\/16550"}],"wp:attachment":[{"href":"https:\/\/p-art.design\/index.php?rest_route=%2Fwp%2Fv2%2Fmedia&parent=16549"}],"wp:term":[{"taxonomy":"product_brand","embeddable":true,"href":"https:\/\/p-art.design\/index.php?rest_route=%2Fwp%2Fv2%2Fproduct_brand&post=16549"},{"taxonomy":"product_cat","embeddable":true,"href":"https:\/\/p-art.design\/index.php?rest_route=%2Fwp%2Fv2%2Fproduct_cat&post=16549"},{"taxonomy":"product_tag","embeddable":true,"href":"https:\/\/p-art.design\/index.php?rest_route=%2Fwp%2Fv2%2Fproduct_tag&post=16549"}],"curies":[{"name":"wp","href":"https:\/\/api.w.org\/{rel}","templated":true}]}}