{"id":16541,"date":"2021-08-03T22:38:38","date_gmt":"2021-08-03T20:38:38","guid":{"rendered":"https:\/\/p-art.design\/?post_type=product&#038;p=16541"},"modified":"2024-11-21T20:24:08","modified_gmt":"2024-11-21T19:24:08","slug":"lampa-stolni-ruzova-3","status":"publish","type":"product","link":"https:\/\/p-art.design\/?product=lampa-stolni-ruzova-3","title":{"rendered":"LAMPA stoln\u00ed r\u016f\u017eov\u00e1"},"content":{"rendered":"<p>S\u00e9rie Orient<\/p>\n<p>Lampa stoln\u00ed, r\u016f\u017eov\u00e9 barvy ozdobena barevn\u00fdmi srd\u00ed\u010dky a te\u010dkami. Keramick\u00e1 noha.<\/p>\n","protected":false},"excerpt":{"rendered":"<p>V\u00fd\u0161ka 34 cm, pr\u016fm\u011br v nej\u0161ir\u0161\u00ed \u010d\u00e1sti 17,5 cm.<\/p>\n","protected":false},"featured_media":16542,"comment_status":"open","ping_status":"closed","template":"","meta":{"_exactmetrics_skip_tracking":false,"_exactmetrics_sitenote_active":false,"_exactmetrics_sitenote_note":"","_exactmetrics_sitenote_category":0},"product_brand":[],"product_cat":[20],"product_tag":[],"class_list":{"0":"post-16541","1":"product","2":"type-product","3":"status-publish","4":"has-post-thumbnail","6":"product_cat-lampy-stolni","8":"first","9":"instock","10":"taxable","11":"shipping-taxable","12":"purchasable","13":"product-type-simple"},"acf":[],"jetpack_sharing_enabled":true,"_links":{"self":[{"href":"https:\/\/p-art.design\/index.php?rest_route=\/wp\/v2\/product\/16541","targetHints":{"allow":["GET"]}}],"collection":[{"href":"https:\/\/p-art.design\/index.php?rest_route=\/wp\/v2\/product"}],"about":[{"href":"https:\/\/p-art.design\/index.php?rest_route=\/wp\/v2\/types\/product"}],"replies":[{"embeddable":true,"href":"https:\/\/p-art.design\/index.php?rest_route=%2Fwp%2Fv2%2Fcomments&post=16541"}],"wp:featuredmedia":[{"embeddable":true,"href":"https:\/\/p-art.design\/index.php?rest_route=\/wp\/v2\/media\/16542"}],"wp:attachment":[{"href":"https:\/\/p-art.design\/index.php?rest_route=%2Fwp%2Fv2%2Fmedia&parent=16541"}],"wp:term":[{"taxonomy":"product_brand","embeddable":true,"href":"https:\/\/p-art.design\/index.php?rest_route=%2Fwp%2Fv2%2Fproduct_brand&post=16541"},{"taxonomy":"product_cat","embeddable":true,"href":"https:\/\/p-art.design\/index.php?rest_route=%2Fwp%2Fv2%2Fproduct_cat&post=16541"},{"taxonomy":"product_tag","embeddable":true,"href":"https:\/\/p-art.design\/index.php?rest_route=%2Fwp%2Fv2%2Fproduct_tag&post=16541"}],"curies":[{"name":"wp","href":"https:\/\/api.w.org\/{rel}","templated":true}]}}