{"id":16518,"date":"2021-06-26T23:11:46","date_gmt":"2021-06-26T21:11:46","guid":{"rendered":"https:\/\/p-art.design\/?post_type=product&#038;p=16518"},"modified":"2024-11-21T20:23:46","modified_gmt":"2024-11-21T19:23:46","slug":"lampa-stolni-ruzova","status":"publish","type":"product","link":"https:\/\/p-art.design\/?product=lampa-stolni-ruzova","title":{"rendered":"LAMPA stoln\u00ed r\u016f\u017eov\u00e1"},"content":{"rendered":"<p>Lampa stoln\u00ed, r\u016f\u017eov\u00e9 barvy ozdobena r\u016f\u017eov\u00fdmi r\u016f\u017ei\u010dkami. Keramick\u00e1 noha.<\/p>\n","protected":false},"excerpt":{"rendered":"<p>V\u00fd\u0161ka 34 cm, pr\u016fm\u011br v nej\u0161ir\u0161\u00ed \u010d\u00e1sti 17,5 cm.<\/p>\n","protected":false},"featured_media":16520,"comment_status":"open","ping_status":"closed","template":"","meta":{"_exactmetrics_skip_tracking":false,"_exactmetrics_sitenote_active":false,"_exactmetrics_sitenote_note":"","_exactmetrics_sitenote_category":0},"product_brand":[],"product_cat":[20],"product_tag":[113,100,114],"class_list":{"0":"post-16518","1":"product","2":"type-product","3":"status-publish","4":"has-post-thumbnail","6":"product_cat-lampy-stolni","7":"product_tag-lampa","8":"product_tag-ruzova","9":"product_tag-stolni","11":"first","12":"instock","13":"taxable","14":"shipping-taxable","15":"purchasable","16":"product-type-simple"},"acf":[],"jetpack_sharing_enabled":true,"_links":{"self":[{"href":"https:\/\/p-art.design\/index.php?rest_route=\/wp\/v2\/product\/16518","targetHints":{"allow":["GET"]}}],"collection":[{"href":"https:\/\/p-art.design\/index.php?rest_route=\/wp\/v2\/product"}],"about":[{"href":"https:\/\/p-art.design\/index.php?rest_route=\/wp\/v2\/types\/product"}],"replies":[{"embeddable":true,"href":"https:\/\/p-art.design\/index.php?rest_route=%2Fwp%2Fv2%2Fcomments&post=16518"}],"wp:featuredmedia":[{"embeddable":true,"href":"https:\/\/p-art.design\/index.php?rest_route=\/wp\/v2\/media\/16520"}],"wp:attachment":[{"href":"https:\/\/p-art.design\/index.php?rest_route=%2Fwp%2Fv2%2Fmedia&parent=16518"}],"wp:term":[{"taxonomy":"product_brand","embeddable":true,"href":"https:\/\/p-art.design\/index.php?rest_route=%2Fwp%2Fv2%2Fproduct_brand&post=16518"},{"taxonomy":"product_cat","embeddable":true,"href":"https:\/\/p-art.design\/index.php?rest_route=%2Fwp%2Fv2%2Fproduct_cat&post=16518"},{"taxonomy":"product_tag","embeddable":true,"href":"https:\/\/p-art.design\/index.php?rest_route=%2Fwp%2Fv2%2Fproduct_tag&post=16518"}],"curies":[{"name":"wp","href":"https:\/\/api.w.org\/{rel}","templated":true}]}}