{"id":16509,"date":"2021-06-07T12:17:08","date_gmt":"2021-06-07T10:17:08","guid":{"rendered":"https:\/\/p-art.design\/?post_type=product&#038;p=16509"},"modified":"2024-05-30T16:23:07","modified_gmt":"2024-05-30T14:23:07","slug":"pelerina-s-kapuci","status":"publish","type":"product","link":"https:\/\/p-art.design\/?product=pelerina-s-kapuci","title":{"rendered":"PELER\u00cdNA s kapuc\u00ed 152\/158"},"content":{"rendered":"<p>Kr\u00e1tk\u00e1, lehk\u00e1 peler\u00edna ze staror\u016f\u017eov\u00e9ho fleecu na jarn\u00ed, chladn\u00e9 letn\u00ed a podzimn\u00ed dny. Elegantn\u00ed a jemn\u00e1.<\/p>\n<p>Slo\u017een\u00ed: 100% polyester<\/p>\n<p>\u017eehlit na stupe\u0148 1<br \/>\nPr\u00e1t na 40 st. C<\/p>\n","protected":false},"excerpt":{"rendered":"<p>Vel. 152\/158<\/p>\n<p>D\u011blka zadn\u00ed: 60 cm<\/p>\n","protected":false},"featured_media":16510,"comment_status":"open","ping_status":"closed","template":"","meta":{"_exactmetrics_skip_tracking":false,"_exactmetrics_sitenote_active":false,"_exactmetrics_sitenote_note":"","_exactmetrics_sitenote_category":0},"product_brand":[],"product_cat":[89,106,94],"product_tag":[],"class_list":{"0":"post-16509","1":"product","2":"type-product","3":"status-publish","4":"has-post-thumbnail","6":"product_cat-divky","7":"product_cat-kabaty","8":"product_cat-sakura_style","10":"first","11":"instock","12":"taxable","13":"shipping-taxable","14":"purchasable","15":"product-type-simple"},"acf":[],"jetpack_sharing_enabled":true,"_links":{"self":[{"href":"https:\/\/p-art.design\/index.php?rest_route=\/wp\/v2\/product\/16509","targetHints":{"allow":["GET"]}}],"collection":[{"href":"https:\/\/p-art.design\/index.php?rest_route=\/wp\/v2\/product"}],"about":[{"href":"https:\/\/p-art.design\/index.php?rest_route=\/wp\/v2\/types\/product"}],"replies":[{"embeddable":true,"href":"https:\/\/p-art.design\/index.php?rest_route=%2Fwp%2Fv2%2Fcomments&post=16509"}],"wp:featuredmedia":[{"embeddable":true,"href":"https:\/\/p-art.design\/index.php?rest_route=\/wp\/v2\/media\/16510"}],"wp:attachment":[{"href":"https:\/\/p-art.design\/index.php?rest_route=%2Fwp%2Fv2%2Fmedia&parent=16509"}],"wp:term":[{"taxonomy":"product_brand","embeddable":true,"href":"https:\/\/p-art.design\/index.php?rest_route=%2Fwp%2Fv2%2Fproduct_brand&post=16509"},{"taxonomy":"product_cat","embeddable":true,"href":"https:\/\/p-art.design\/index.php?rest_route=%2Fwp%2Fv2%2Fproduct_cat&post=16509"},{"taxonomy":"product_tag","embeddable":true,"href":"https:\/\/p-art.design\/index.php?rest_route=%2Fwp%2Fv2%2Fproduct_tag&post=16509"}],"curies":[{"name":"wp","href":"https:\/\/api.w.org\/{rel}","templated":true}]}}