{"id":16506,"date":"2021-06-06T21:17:34","date_gmt":"2021-06-06T19:17:34","guid":{"rendered":"https:\/\/p-art.design\/?post_type=product&#038;p=16506"},"modified":"2024-05-16T13:19:49","modified_gmt":"2024-05-16T11:19:49","slug":"triko-ruzove-vel-146","status":"publish","type":"product","link":"https:\/\/p-art.design\/?product=triko-ruzove-vel-146","title":{"rendered":"TRIKO r\u016f\u017eov\u00e9 vel. 146"},"content":{"rendered":"<p>Triko z r\u016f\u017eov\u00e9ho bavln\u011bn\u00e9ho \u00fapletu, vhodn\u00e9 na t\u011blocvik do \u0161koly, na h\u0159i\u0161t\u011b i na doma, k sukni, kra\u0165as\u016fm i kalhot\u00e1m.<br \/>\nK triku pat\u0159\u00ed \u010delenka a n\u00e1ramek ze stejn\u00e9ho materi\u00e1lu.<\/p>\n<p>Slo\u017een\u00ed: 100 % bavlna<\/p>\n<p>\u017dehlit na stupe\u0148 2<br \/>\nPr\u00e1t na 30 st. C<\/p>\n","protected":false},"excerpt":{"rendered":"<p>Vel. 146<\/p>\n<p>\u0160\u00ed\u0159ka: 38 cm<br \/>\nD\u00e9lka: 50 cm<\/p>\n","protected":false},"featured_media":16507,"comment_status":"open","ping_status":"closed","template":"","meta":{"_exactmetrics_skip_tracking":false,"_exactmetrics_sitenote_active":false,"_exactmetrics_sitenote_note":"","_exactmetrics_sitenote_category":0},"product_brand":[],"product_cat":[89,103,94],"product_tag":[],"class_list":{"0":"post-16506","1":"product","2":"type-product","3":"status-publish","4":"has-post-thumbnail","6":"product_cat-divky","7":"product_cat-trika","8":"product_cat-sakura_style","10":"first","11":"instock","12":"taxable","13":"shipping-taxable","14":"purchasable","15":"product-type-simple"},"acf":[],"jetpack_sharing_enabled":true,"_links":{"self":[{"href":"https:\/\/p-art.design\/index.php?rest_route=\/wp\/v2\/product\/16506","targetHints":{"allow":["GET"]}}],"collection":[{"href":"https:\/\/p-art.design\/index.php?rest_route=\/wp\/v2\/product"}],"about":[{"href":"https:\/\/p-art.design\/index.php?rest_route=\/wp\/v2\/types\/product"}],"replies":[{"embeddable":true,"href":"https:\/\/p-art.design\/index.php?rest_route=%2Fwp%2Fv2%2Fcomments&post=16506"}],"wp:featuredmedia":[{"embeddable":true,"href":"https:\/\/p-art.design\/index.php?rest_route=\/wp\/v2\/media\/16507"}],"wp:attachment":[{"href":"https:\/\/p-art.design\/index.php?rest_route=%2Fwp%2Fv2%2Fmedia&parent=16506"}],"wp:term":[{"taxonomy":"product_brand","embeddable":true,"href":"https:\/\/p-art.design\/index.php?rest_route=%2Fwp%2Fv2%2Fproduct_brand&post=16506"},{"taxonomy":"product_cat","embeddable":true,"href":"https:\/\/p-art.design\/index.php?rest_route=%2Fwp%2Fv2%2Fproduct_cat&post=16506"},{"taxonomy":"product_tag","embeddable":true,"href":"https:\/\/p-art.design\/index.php?rest_route=%2Fwp%2Fv2%2Fproduct_tag&post=16506"}],"curies":[{"name":"wp","href":"https:\/\/api.w.org\/{rel}","templated":true}]}}