{"id":16503,"date":"2021-06-06T21:08:49","date_gmt":"2021-06-06T19:08:49","guid":{"rendered":"https:\/\/p-art.design\/?post_type=product&#038;p=16503"},"modified":"2024-05-11T16:26:58","modified_gmt":"2024-05-11T14:26:58","slug":"sukne-ciste-bila-vel-146","status":"publish","type":"product","link":"https:\/\/p-art.design\/?product=sukne-ciste-bila-vel-146","title":{"rendered":"SUKN\u011a \u010dist\u011b b\u00edl\u00e1 vel. 164"},"content":{"rendered":"<p>Sukn\u011b ze sn\u011bhob\u00edl\u00e9ho \u00fapletu.<\/p>\n<p>Kombinovat lze s trikem, viz fotografie.<\/p>\n<p>Slo\u017een\u00ed: 90 % polyamid, 10 % elasten<\/p>\n<p>\u017dehlit na stupe\u0148 1<br \/>\nPr\u00e1t na 40 st. C<\/p>\n","protected":false},"excerpt":{"rendered":"<p>Vel. 146<\/p>\n<p>Pas 70 cm<br \/>\nD\u00e9lka: 37 cm<\/p>\n","protected":false},"featured_media":16504,"comment_status":"open","ping_status":"closed","template":"","meta":{"_exactmetrics_skip_tracking":false,"_exactmetrics_sitenote_active":false,"_exactmetrics_sitenote_note":"","_exactmetrics_sitenote_category":0},"product_brand":[],"product_cat":[89,94,92],"product_tag":[],"class_list":{"0":"post-16503","1":"product","2":"type-product","3":"status-publish","4":"has-post-thumbnail","6":"product_cat-divky","7":"product_cat-sakura_style","8":"product_cat-sukne-divky","10":"first","11":"instock","12":"taxable","13":"shipping-taxable","14":"purchasable","15":"product-type-simple"},"acf":[],"jetpack_sharing_enabled":true,"_links":{"self":[{"href":"https:\/\/p-art.design\/index.php?rest_route=\/wp\/v2\/product\/16503","targetHints":{"allow":["GET"]}}],"collection":[{"href":"https:\/\/p-art.design\/index.php?rest_route=\/wp\/v2\/product"}],"about":[{"href":"https:\/\/p-art.design\/index.php?rest_route=\/wp\/v2\/types\/product"}],"replies":[{"embeddable":true,"href":"https:\/\/p-art.design\/index.php?rest_route=%2Fwp%2Fv2%2Fcomments&post=16503"}],"wp:featuredmedia":[{"embeddable":true,"href":"https:\/\/p-art.design\/index.php?rest_route=\/wp\/v2\/media\/16504"}],"wp:attachment":[{"href":"https:\/\/p-art.design\/index.php?rest_route=%2Fwp%2Fv2%2Fmedia&parent=16503"}],"wp:term":[{"taxonomy":"product_brand","embeddable":true,"href":"https:\/\/p-art.design\/index.php?rest_route=%2Fwp%2Fv2%2Fproduct_brand&post=16503"},{"taxonomy":"product_cat","embeddable":true,"href":"https:\/\/p-art.design\/index.php?rest_route=%2Fwp%2Fv2%2Fproduct_cat&post=16503"},{"taxonomy":"product_tag","embeddable":true,"href":"https:\/\/p-art.design\/index.php?rest_route=%2Fwp%2Fv2%2Fproduct_tag&post=16503"}],"curies":[{"name":"wp","href":"https:\/\/api.w.org\/{rel}","templated":true}]}}