{"id":16499,"date":"2021-06-05T23:41:45","date_gmt":"2021-06-05T21:41:45","guid":{"rendered":"https:\/\/p-art.design\/?post_type=product&#038;p=16499"},"modified":"2022-01-02T17:16:49","modified_gmt":"2022-01-02T16:16:49","slug":"saty-z-teplakoviny-vel-146","status":"publish","type":"product","link":"https:\/\/p-art.design\/?product=saty-z-teplakoviny-vel-146","title":{"rendered":"\u0160ATY z tepl\u00e1koviny vel. 146"},"content":{"rendered":"<p>\u0160aty z kr\u00e9mov\u00e9 tepl\u00e1koviny, s \u010dern\u00fdm p\u00e1skem. Bez p\u00e1sku m\u00e1me kr\u00e1snou tuniku k leg\u00edn\u00e1m.<\/p>\n<p>Slo\u017een\u00ed: 96 % bavlna, 4 % elasten<\/p>\n<p>\u017dehl\u00ed se na stupe\u0148 1<br \/>\nPr\u00e1t na 30 st. C<\/p>\n","protected":false},"excerpt":{"rendered":"<p>Vel. 146<\/p>\n<p>\u0160aty<br \/>\nZadn\u00ed d\u00e9lka: 76 cm<br \/>\nP\u0159edn\u00ed d\u00e9lka: 60 cm<br \/>\n\u0160\u00ed\u0159ka: 48 cm<\/p>\n<p>P\u00e1sek<br \/>\nPas: 66 cm<br \/>\n\u0160\u00ed\u0159ka: 13 cm<\/p>\n","protected":false},"featured_media":16500,"comment_status":"open","ping_status":"closed","template":"","meta":{"_exactmetrics_skip_tracking":false,"_exactmetrics_sitenote_active":false,"_exactmetrics_sitenote_note":"","_exactmetrics_sitenote_category":0},"product_brand":[],"product_cat":[89,94,107],"product_tag":[],"class_list":{"0":"post-16499","1":"product","2":"type-product","3":"status-publish","4":"has-post-thumbnail","6":"product_cat-divky","7":"product_cat-sakura_style","8":"product_cat-saty","10":"first","11":"instock","12":"taxable","13":"shipping-taxable","14":"purchasable","15":"product-type-simple"},"acf":[],"jetpack_sharing_enabled":true,"_links":{"self":[{"href":"https:\/\/p-art.design\/index.php?rest_route=\/wp\/v2\/product\/16499","targetHints":{"allow":["GET"]}}],"collection":[{"href":"https:\/\/p-art.design\/index.php?rest_route=\/wp\/v2\/product"}],"about":[{"href":"https:\/\/p-art.design\/index.php?rest_route=\/wp\/v2\/types\/product"}],"replies":[{"embeddable":true,"href":"https:\/\/p-art.design\/index.php?rest_route=%2Fwp%2Fv2%2Fcomments&post=16499"}],"wp:featuredmedia":[{"embeddable":true,"href":"https:\/\/p-art.design\/index.php?rest_route=\/wp\/v2\/media\/16500"}],"wp:attachment":[{"href":"https:\/\/p-art.design\/index.php?rest_route=%2Fwp%2Fv2%2Fmedia&parent=16499"}],"wp:term":[{"taxonomy":"product_brand","embeddable":true,"href":"https:\/\/p-art.design\/index.php?rest_route=%2Fwp%2Fv2%2Fproduct_brand&post=16499"},{"taxonomy":"product_cat","embeddable":true,"href":"https:\/\/p-art.design\/index.php?rest_route=%2Fwp%2Fv2%2Fproduct_cat&post=16499"},{"taxonomy":"product_tag","embeddable":true,"href":"https:\/\/p-art.design\/index.php?rest_route=%2Fwp%2Fv2%2Fproduct_tag&post=16499"}],"curies":[{"name":"wp","href":"https:\/\/api.w.org\/{rel}","templated":true}]}}