{"id":16489,"date":"2021-06-05T18:22:25","date_gmt":"2021-06-05T16:22:25","guid":{"rendered":"https:\/\/p-art.design\/?post_type=product&#038;p=16489"},"modified":"2022-01-02T17:44:52","modified_gmt":"2022-01-02T16:44:52","slug":"kardigan-zihany","status":"publish","type":"product","link":"https:\/\/p-art.design\/?product=kardigan-zihany","title":{"rendered":"KARDIGAN \u017e\u00edhan\u00fd"},"content":{"rendered":"<p>Kardigan je u\u0161it ze spl\u00fdvav\u00e9ho, \u017e\u00edhan\u00e9 \u010dernob\u00edl\u00e9ho materi\u00e1lu, kter\u00fd je velice p\u0159\u00edjemn\u00fd na omak.<\/p>\n<p>Slo\u017een\u00ed: 88 % polyester, 2 % elastan, 10 % vizkoza<\/p>\n<p>\u017dehlit na stupe\u0148 1<br \/>\nPr\u00e1t na 30 st. C<\/p>\n<p>Lze sladit s dcerou. V prodeji kardigan \u017e\u00edhan\u00fd vel. 152.<\/p>\n","protected":false},"excerpt":{"rendered":"<p>Velikost uni<\/p>\n<p>D\u00e9lka: 90 cm<br \/>\n\u0160\u00ed\u0159ka: 56 cm<br \/>\nRuk\u00e1v: t\u0159\u00ed\u010dtvrte\u010dn\u00ed<\/p>\n","protected":false},"featured_media":16490,"comment_status":"open","ping_status":"closed","template":"","meta":{"_exactmetrics_skip_tracking":false,"_exactmetrics_sitenote_active":false,"_exactmetrics_sitenote_note":"","_exactmetrics_sitenote_category":0},"product_brand":[],"product_cat":[108,94,110],"product_tag":[],"class_list":{"0":"post-16489","1":"product","2":"type-product","3":"status-publish","4":"has-post-thumbnail","6":"product_cat-zeny","7":"product_cat-sakura_style","8":"product_cat-kardigany","10":"first","11":"instock","12":"taxable","13":"shipping-taxable","14":"purchasable","15":"product-type-simple"},"acf":[],"jetpack_sharing_enabled":true,"_links":{"self":[{"href":"https:\/\/p-art.design\/index.php?rest_route=\/wp\/v2\/product\/16489","targetHints":{"allow":["GET"]}}],"collection":[{"href":"https:\/\/p-art.design\/index.php?rest_route=\/wp\/v2\/product"}],"about":[{"href":"https:\/\/p-art.design\/index.php?rest_route=\/wp\/v2\/types\/product"}],"replies":[{"embeddable":true,"href":"https:\/\/p-art.design\/index.php?rest_route=%2Fwp%2Fv2%2Fcomments&post=16489"}],"wp:featuredmedia":[{"embeddable":true,"href":"https:\/\/p-art.design\/index.php?rest_route=\/wp\/v2\/media\/16490"}],"wp:attachment":[{"href":"https:\/\/p-art.design\/index.php?rest_route=%2Fwp%2Fv2%2Fmedia&parent=16489"}],"wp:term":[{"taxonomy":"product_brand","embeddable":true,"href":"https:\/\/p-art.design\/index.php?rest_route=%2Fwp%2Fv2%2Fproduct_brand&post=16489"},{"taxonomy":"product_cat","embeddable":true,"href":"https:\/\/p-art.design\/index.php?rest_route=%2Fwp%2Fv2%2Fproduct_cat&post=16489"},{"taxonomy":"product_tag","embeddable":true,"href":"https:\/\/p-art.design\/index.php?rest_route=%2Fwp%2Fv2%2Fproduct_tag&post=16489"}],"curies":[{"name":"wp","href":"https:\/\/api.w.org\/{rel}","templated":true}]}}