{"id":16482,"date":"2021-06-05T17:18:41","date_gmt":"2021-06-05T15:18:41","guid":{"rendered":"https:\/\/p-art.design\/?post_type=product&#038;p=16482"},"modified":"2024-07-25T00:10:52","modified_gmt":"2024-07-24T22:10:52","slug":"kardigan-ciste-bily-vel-152","status":"publish","type":"product","link":"https:\/\/p-art.design\/?product=kardigan-ciste-bily-vel-152","title":{"rendered":"KARDIGAN \u010dist\u011b b\u00edl\u00fd vel. 152"},"content":{"rendered":"<p>Kardigan je u\u0161it ze spl\u00fdvav\u00e9ho, \u010dist\u011b b\u00edl\u00e9ho \u00fapletu, kter\u00fd je velice p\u0159\u00edjemn\u00fd na omak.<\/p>\n<p>Slo\u017een\u00ed: 90 % polyamid, 10 % elastan<\/p>\n<p>Ne\u017eehlit<br \/>\nPr\u00e1t na 30 st. C<\/p>\n<p>(D\u00edvka na fotografii m\u00e1 152 cm, 45 kg, 10 let.)<\/p>\n","protected":false},"excerpt":{"rendered":"<p>Velikost 152<\/p>\n<p>D\u00e9lka: 74 cm<br \/>\n\u0160\u00ed\u0159ka: 54 cm<br \/>\nRuk\u00e1v: 56 cm<\/p>\n","protected":false},"featured_media":16483,"comment_status":"open","ping_status":"closed","template":"","meta":{"_exactmetrics_skip_tracking":false,"_exactmetrics_sitenote_active":false,"_exactmetrics_sitenote_note":"","_exactmetrics_sitenote_category":0},"product_brand":[],"product_cat":[89,94,95],"product_tag":[],"class_list":{"0":"post-16482","1":"product","2":"type-product","3":"status-publish","4":"has-post-thumbnail","6":"product_cat-divky","7":"product_cat-sakura_style","8":"product_cat-rolaky","10":"first","11":"instock","12":"taxable","13":"shipping-taxable","14":"purchasable","15":"product-type-simple"},"acf":[],"jetpack_sharing_enabled":true,"_links":{"self":[{"href":"https:\/\/p-art.design\/index.php?rest_route=\/wp\/v2\/product\/16482","targetHints":{"allow":["GET"]}}],"collection":[{"href":"https:\/\/p-art.design\/index.php?rest_route=\/wp\/v2\/product"}],"about":[{"href":"https:\/\/p-art.design\/index.php?rest_route=\/wp\/v2\/types\/product"}],"replies":[{"embeddable":true,"href":"https:\/\/p-art.design\/index.php?rest_route=%2Fwp%2Fv2%2Fcomments&post=16482"}],"wp:featuredmedia":[{"embeddable":true,"href":"https:\/\/p-art.design\/index.php?rest_route=\/wp\/v2\/media\/16483"}],"wp:attachment":[{"href":"https:\/\/p-art.design\/index.php?rest_route=%2Fwp%2Fv2%2Fmedia&parent=16482"}],"wp:term":[{"taxonomy":"product_brand","embeddable":true,"href":"https:\/\/p-art.design\/index.php?rest_route=%2Fwp%2Fv2%2Fproduct_brand&post=16482"},{"taxonomy":"product_cat","embeddable":true,"href":"https:\/\/p-art.design\/index.php?rest_route=%2Fwp%2Fv2%2Fproduct_cat&post=16482"},{"taxonomy":"product_tag","embeddable":true,"href":"https:\/\/p-art.design\/index.php?rest_route=%2Fwp%2Fv2%2Fproduct_tag&post=16482"}],"curies":[{"name":"wp","href":"https:\/\/api.w.org\/{rel}","templated":true}]}}