{"id":16478,"date":"2021-06-05T16:46:55","date_gmt":"2021-06-05T14:46:55","guid":{"rendered":"https:\/\/p-art.design\/?post_type=product&#038;p=16478"},"modified":"2024-07-24T22:36:57","modified_gmt":"2024-07-24T20:36:57","slug":"halenka-jemny-vzor-vel-152","status":"publish","type":"product","link":"https:\/\/p-art.design\/?product=halenka-jemny-vzor-vel-152","title":{"rendered":"HALENKA jemn\u00fd vzor vel. 152\/158"},"content":{"rendered":"<p>Halenka s jemn\u00fdm vzorem, jej\u00ed\u017e d\u00e9lku lze regulovat uv\u00e1z\u00e1n\u00edm ma\u0161le na rameni, je kr\u00e1sn\u011b spl\u00fdvav\u00e1 a p\u0159\u00edjemn\u00e1.<\/p>\n<p>Slo\u017een\u00ed: 100% vizkoza<\/p>\n<p>\u017dehlit na 3 stupe\u0148, l\u00e1tka je ma\u010dkav\u00e1.<br \/>\nPr\u00e1t do 40 st. C<\/p>\n<p>(D\u00edvka na fotografii m\u00e1 152 cm, 45 kg, 10 let.)<\/p>\n","protected":false},"excerpt":{"rendered":"<p>Velikost 152<\/p>\n<p>D\u00e9lka: 60 cm<br \/>\n\u0160\u00ed\u0159ka: 52 cm<\/p>\n<p>D\u00e9lka se d\u00e1 regulovat zavazov\u00e1n\u00edm na rameni.<\/p>\n","protected":false},"featured_media":16479,"comment_status":"open","ping_status":"closed","template":"","meta":{"_exactmetrics_skip_tracking":false,"_exactmetrics_sitenote_active":false,"_exactmetrics_sitenote_note":"","_exactmetrics_sitenote_category":0},"product_brand":[],"product_cat":[89,103,94],"product_tag":[],"class_list":{"0":"post-16478","1":"product","2":"type-product","3":"status-publish","4":"has-post-thumbnail","6":"product_cat-divky","7":"product_cat-trika","8":"product_cat-sakura_style","10":"first","11":"instock","12":"taxable","13":"shipping-taxable","14":"purchasable","15":"product-type-simple"},"acf":[],"jetpack_sharing_enabled":true,"_links":{"self":[{"href":"https:\/\/p-art.design\/index.php?rest_route=\/wp\/v2\/product\/16478","targetHints":{"allow":["GET"]}}],"collection":[{"href":"https:\/\/p-art.design\/index.php?rest_route=\/wp\/v2\/product"}],"about":[{"href":"https:\/\/p-art.design\/index.php?rest_route=\/wp\/v2\/types\/product"}],"replies":[{"embeddable":true,"href":"https:\/\/p-art.design\/index.php?rest_route=%2Fwp%2Fv2%2Fcomments&post=16478"}],"wp:featuredmedia":[{"embeddable":true,"href":"https:\/\/p-art.design\/index.php?rest_route=\/wp\/v2\/media\/16479"}],"wp:attachment":[{"href":"https:\/\/p-art.design\/index.php?rest_route=%2Fwp%2Fv2%2Fmedia&parent=16478"}],"wp:term":[{"taxonomy":"product_brand","embeddable":true,"href":"https:\/\/p-art.design\/index.php?rest_route=%2Fwp%2Fv2%2Fproduct_brand&post=16478"},{"taxonomy":"product_cat","embeddable":true,"href":"https:\/\/p-art.design\/index.php?rest_route=%2Fwp%2Fv2%2Fproduct_cat&post=16478"},{"taxonomy":"product_tag","embeddable":true,"href":"https:\/\/p-art.design\/index.php?rest_route=%2Fwp%2Fv2%2Fproduct_tag&post=16478"}],"curies":[{"name":"wp","href":"https:\/\/api.w.org\/{rel}","templated":true}]}}